{"id":2111,"date":"2024-04-15T09:00:44","date_gmt":"2024-04-15T08:00:44","guid":{"rendered":"https:\/\/www.ifc-tor.org\/ueber-uns\/ziele\/"},"modified":"2024-09-19T00:48:01","modified_gmt":"2024-09-18T23:48:01","slug":"ziele","status":"publish","type":"page","link":"https:\/\/www.ifc-tor.org\/de\/ueber-uns\/ziele\/","title":{"rendered":"Ziele"},"content":{"rendered":"\t\t<div data-elementor-type=\"wp-post\" data-elementor-id=\"2111\" class=\"elementor elementor-2111 elementor-67\" data-elementor-post-type=\"page\">\n\t\t\t\t<div class=\"elementor-element elementor-element-3aa77fb e-flex e-con-boxed e-con e-parent\" data-id=\"3aa77fb\" data-element_type=\"container\" data-e-type=\"container\" data-settings=\"{&quot;background_background&quot;:&quot;classic&quot;}\">\n\t\t\t\t\t<div class=\"e-con-inner\">\n\t\t<div class=\"elementor-element elementor-element-e2b65fb e-con-full e-flex e-con e-child\" data-id=\"e2b65fb\" data-element_type=\"container\" data-e-type=\"container\">\n\t\t\t\t<div class=\"elementor-element elementor-element-f16ef8b elementor-widget elementor-widget-heading\" data-id=\"f16ef8b\" data-element_type=\"widget\" data-e-type=\"widget\" data-widget_type=\"heading.default\">\n\t\t\t\t\t<p class=\"elementor-heading-title elementor-size-default\">\u00dcBER UNS<\/p>\t\t\t\t<\/div>\n\t\t\t\t<div class=\"elementor-element elementor-element-ce29394 elementor-widget elementor-widget-heading\" data-id=\"ce29394\" data-element_type=\"widget\" data-e-type=\"widget\" data-widget_type=\"heading.default\">\n\t\t\t\t\t<p class=\"elementor-heading-title elementor-size-default\">ZIELE der Konferenz<\/p>\t\t\t\t<\/div>\n\t\t\t\t<\/div>\n\t\t<div class=\"elementor-element elementor-element-374cee7 e-con-full e-flex e-con e-child\" data-id=\"374cee7\" data-element_type=\"container\" data-e-type=\"container\">\n\t\t\t\t<\/div>\n\t\t\t\t\t<\/div>\n\t\t\t\t<\/div>\n\t\t<div class=\"elementor-element elementor-element-9e4b731 e-flex e-con-boxed e-con e-parent\" data-id=\"9e4b731\" data-element_type=\"container\" data-e-type=\"container\">\n\t\t\t\t\t<div class=\"e-con-inner\">\n\t\t<div class=\"elementor-element elementor-element-06cb9c3 e-con-full e-flex e-con e-child\" data-id=\"06cb9c3\" data-element_type=\"container\" data-e-type=\"container\">\n\t\t\t\t<div class=\"elementor-element elementor-element-64fa251 elementor-widget__width-auto elementor-widget elementor-widget-heading\" data-id=\"64fa251\" data-element_type=\"widget\" data-e-type=\"widget\" data-widget_type=\"heading.default\">\n\t\t\t\t\t<p class=\"elementor-heading-title elementor-size-default\">AUTHENTISCHE<\/p>\t\t\t\t<\/div>\n\t\t\t\t<div class=\"elementor-element elementor-element-524845d elementor-widget__width-auto elementor-widget elementor-widget-text-editor\" data-id=\"524845d\" data-element_type=\"widget\" data-e-type=\"widget\" data-widget_type=\"text-editor.default\">\n\t\t\t\t\t\t\t\t\t<p>Communio unter den Instituten des Regulierten Dritten Ordens in der Welt zu f\u00f6rdern durch F\u00f6rderung des franziskanischen Lebens und der Spiritualit\u00e4t in \u00dcbereinstimmung mit dem Geist und Inhalt der Regel und seinen Grundwerten, die im Evangelium begr\u00fcndet sind und \u00fcbereinstimmen mit der Lehre der Kirche.<\/p>\n\t\t\t\t\t\t\t\t<\/div>\n\t\t\t\t<\/div>\n\t\t<div class=\"elementor-element elementor-element-f05ccf6 e-con-full e-flex e-con e-child\" data-id=\"f05ccf6\" data-element_type=\"container\" data-e-type=\"container\">\n\t\t\t\t<div class=\"elementor-element elementor-element-8a2219b elementor-widget__width-auto elementor-widget elementor-widget-heading\" data-id=\"8a2219b\" data-element_type=\"widget\" data-e-type=\"widget\" data-widget_type=\"heading.default\">\n\t\t\t\t\t<p class=\"elementor-heading-title elementor-size-default\">SOLIDARIT\u00c4T<\/p>\t\t\t\t<\/div>\n\t\t\t\t<div class=\"elementor-element elementor-element-6c8519f elementor-widget__width-auto elementor-widget elementor-widget-text-editor\" data-id=\"6c8519f\" data-element_type=\"widget\" data-e-type=\"widget\" data-widget_type=\"text-editor.default\">\n\t\t\t\t\t\t\t\t\tunter den Instituten zu schaffen durch\n\ngegenseitige spirituelle und materielle Hilfe, Zusammenarbeit in den Apostolaten, gegenseitige Information und Kommunikation, Hilfe im Bereich der Bildung, besondere Sorge f\u00fcr kleinere und isolierte Institute.\t\t\t\t\t\t\t\t<\/div>\n\t\t\t\t<\/div>\n\t\t<div class=\"elementor-element elementor-element-cb1b55f e-con-full e-flex e-con e-child\" data-id=\"cb1b55f\" data-element_type=\"container\" data-e-type=\"container\">\n\t\t\t\t<div class=\"elementor-element elementor-element-ae04f69 elementor-widget__width-auto elementor-widget elementor-widget-heading\" data-id=\"ae04f69\" data-element_type=\"widget\" data-e-type=\"widget\" data-widget_type=\"heading.default\">\n\t\t\t\t\t<p class=\"elementor-heading-title elementor-size-default\">ERRICHTUNG UND UNTERST\u00dcTZUNG<\/p>\t\t\t\t<\/div>\n\t\t\t\t<div class=\"elementor-element elementor-element-d48bb31 elementor-widget__width-auto elementor-widget elementor-widget-text-editor\" data-id=\"d48bb31\" data-element_type=\"widget\" data-e-type=\"widget\" data-widget_type=\"text-editor.default\">\n\t\t\t\t\t\t\t\t\t<p>von regionalen oder nationalen franziskanischen F\u00f6derationen oder Organisationen, wo immer solche M\u00f6glichkeiten erw\u00fcnscht sind.<\/p>\n\t\t\t\t\t\t\t\t<\/div>\n\t\t\t\t<\/div>\n\t\t<div class=\"elementor-element elementor-element-907797c e-con-full e-flex e-con e-child\" data-id=\"907797c\" data-element_type=\"container\" data-e-type=\"container\">\n\t\t\t\t<div class=\"elementor-element elementor-element-067393c elementor-widget__width-auto elementor-widget elementor-widget-heading\" data-id=\"067393c\" data-element_type=\"widget\" data-e-type=\"widget\" data-widget_type=\"heading.default\">\n\t\t\t\t\t<p class=\"elementor-heading-title elementor-size-default\">ZUSAMMENARBEIT<\/p>\t\t\t\t<\/div>\n\t\t\t\t<div class=\"elementor-element elementor-element-1b14f9a elementor-widget__width-auto elementor-widget elementor-widget-text-editor\" data-id=\"1b14f9a\" data-element_type=\"widget\" data-e-type=\"widget\" data-widget_type=\"text-editor.default\">\n\t\t\t\t\t\t\t\t\t<p>mit den I. und II. Orden, sowie dem S\u00e4kularen Franziskanischem Orden.<\/p>\n\t\t\t\t\t\t\t\t<\/div>\n\t\t\t\t<\/div>\n\t\t<div class=\"elementor-element elementor-element-ce27a32 e-con-full e-flex e-con e-child\" data-id=\"ce27a32\" data-element_type=\"container\" data-e-type=\"container\">\n\t\t\t\t<div class=\"elementor-element elementor-element-65e7c66 elementor-widget__width-auto elementor-widget elementor-widget-heading\" data-id=\"65e7c66\" data-element_type=\"widget\" data-e-type=\"widget\" data-widget_type=\"heading.default\">\n\t\t\t\t\t<p class=\"elementor-heading-title elementor-size-default\">ERFORSCHUNG<\/p>\t\t\t\t<\/div>\n\t\t\t\t<div class=\"elementor-element elementor-element-9424e32 elementor-widget__width-auto elementor-widget elementor-widget-text-editor\" data-id=\"9424e32\" data-element_type=\"widget\" data-e-type=\"widget\" data-widget_type=\"text-editor.default\">\n\t\t\t\t\t\t\t\t\t<p>der franziskanischen Spiritualit\u00e4t und F\u00f6rderung und Verbreitung der franziskanischen Geschichte.<\/p>\n\t\t\t\t\t\t\t\t<\/div>\n\t\t\t\t<\/div>\n\t\t<div class=\"elementor-element elementor-element-f3aae2f e-con-full e-flex e-con e-child\" data-id=\"f3aae2f\" data-element_type=\"container\" data-e-type=\"container\">\n\t\t\t\t<div class=\"elementor-element elementor-element-628b0f7 elementor-widget__width-auto elementor-widget elementor-widget-heading\" data-id=\"628b0f7\" data-element_type=\"widget\" data-e-type=\"widget\" data-widget_type=\"heading.default\">\n\t\t\t\t\t<p class=\"elementor-heading-title elementor-size-default\">VERTRETUNG<\/p>\t\t\t\t<\/div>\n\t\t\t\t<div class=\"elementor-element elementor-element-3169ea0 elementor-widget__width-auto elementor-widget elementor-widget-text-editor\" data-id=\"3169ea0\" data-element_type=\"widget\" data-e-type=\"widget\" data-widget_type=\"text-editor.default\">\n\t\t\t\t\t\t\t\t\t<p>dieser IFK in der Kirche innerhalb der franziskanischen Familie und in der Welt.<\/p>\n\t\t\t\t\t\t\t\t<\/div>\n\t\t\t\t<\/div>\n\t\t\t\t\t<\/div>\n\t\t\t\t<\/div>\n\t\t\t\t<\/div>\n\t\t","protected":false},"excerpt":{"rendered":"<p>\u00dcBER UNS ZIELE der Konferenz AUTHENTISCHE Communio unter den Instituten des Regulierten Dritten Ordens in der Welt zu f\u00f6rdern durch F\u00f6rderung des franziskanischen Lebens und der Spiritualit\u00e4t in \u00dcbereinstimmung mit dem Geist und Inhalt der Regel und seinen Grundwerten, die im Evangelium begr\u00fcndet sind und \u00fcbereinstimmen mit der Lehre der Kirche. SOLIDARIT\u00c4T unter den Instituten [&hellip;]<\/p>\n","protected":false},"author":1,"featured_media":0,"parent":2110,"menu_order":0,"comment_status":"closed","ping_status":"closed","template":"elementor_header_footer","meta":{"footnotes":""},"class_list":["post-2111","page","type-page","status-publish","hentry"],"_links":{"self":[{"href":"https:\/\/www.ifc-tor.org\/de\/wp-json\/wp\/v2\/pages\/2111","targetHints":{"allow":["GET"]}}],"collection":[{"href":"https:\/\/www.ifc-tor.org\/de\/wp-json\/wp\/v2\/pages"}],"about":[{"href":"https:\/\/www.ifc-tor.org\/de\/wp-json\/wp\/v2\/types\/page"}],"author":[{"embeddable":true,"href":"https:\/\/www.ifc-tor.org\/de\/wp-json\/wp\/v2\/users\/1"}],"replies":[{"embeddable":true,"href":"https:\/\/www.ifc-tor.org\/de\/wp-json\/wp\/v2\/comments?post=2111"}],"version-history":[{"count":0,"href":"https:\/\/www.ifc-tor.org\/de\/wp-json\/wp\/v2\/pages\/2111\/revisions"}],"up":[{"embeddable":true,"href":"https:\/\/www.ifc-tor.org\/de\/wp-json\/wp\/v2\/pages\/2110"}],"wp:attachment":[{"href":"https:\/\/www.ifc-tor.org\/de\/wp-json\/wp\/v2\/media?parent=2111"}],"curies":[{"name":"wp","href":"https:\/\/api.w.org\/{rel}","templated":true}]}}