{"id":2187,"date":"2024-04-15T09:00:48","date_gmt":"2024-04-15T08:00:48","guid":{"rendered":"https:\/\/www.ifc-tor.org\/spende\/"},"modified":"2024-10-03T08:39:27","modified_gmt":"2024-10-03T07:39:27","slug":"spende","status":"publish","type":"page","link":"https:\/\/www.ifc-tor.org\/de\/spende\/","title":{"rendered":"Spende"},"content":{"rendered":"\t\t<div data-elementor-type=\"wp-post\" data-elementor-id=\"2187\" class=\"elementor elementor-2187 elementor-93\" data-elementor-post-type=\"page\">\n\t\t\t\t<div class=\"elementor-element elementor-element-b040922 e-flex e-con-boxed e-con e-parent\" data-id=\"b040922\" data-element_type=\"container\" data-e-type=\"container\" data-settings=\"{&quot;background_background&quot;:&quot;classic&quot;}\">\n\t\t\t\t\t<div class=\"e-con-inner\">\n\t\t<div class=\"elementor-element elementor-element-bde1708 e-con-full e-flex e-con e-child\" data-id=\"bde1708\" data-element_type=\"container\" data-e-type=\"container\">\n\t\t\t\t<div class=\"elementor-element elementor-element-06ced34 elementor-widget elementor-widget-heading\" data-id=\"06ced34\" data-element_type=\"widget\" data-e-type=\"widget\" data-widget_type=\"heading.default\">\n\t\t\t\t\t<p class=\"elementor-heading-title elementor-size-default\">LEITFADEN F\u00dcR G\u00d6NNER<\/p>\t\t\t\t<\/div>\n\t\t\t\t<div class=\"elementor-element elementor-element-02c5cd0 elementor-widget elementor-widget-heading\" data-id=\"02c5cd0\" data-element_type=\"widget\" data-e-type=\"widget\" data-widget_type=\"heading.default\">\n\t\t\t\t\t<p class=\"elementor-heading-title elementor-size-default\">Eine SPENDE MACHEN<\/p>\t\t\t\t<\/div>\n\t\t\t\t<\/div>\n\t\t<div class=\"elementor-element elementor-element-5c79b46 e-con-full e-flex e-con e-child\" data-id=\"5c79b46\" data-element_type=\"container\" data-e-type=\"container\">\n\t\t\t\t<\/div>\n\t\t\t\t\t<\/div>\n\t\t\t\t<\/div>\n\t\t<div class=\"elementor-element elementor-element-53b9069 e-flex e-con-boxed e-con e-parent\" data-id=\"53b9069\" data-element_type=\"container\" data-e-type=\"container\">\n\t\t\t\t\t<div class=\"e-con-inner\">\n\t\t\t\t<div class=\"elementor-element elementor-element-ca33c9b elementor-widget__width-auto elementor-widget elementor-widget-heading\" data-id=\"ca33c9b\" data-element_type=\"widget\" data-e-type=\"widget\" data-widget_type=\"heading.default\">\n\t\t\t\t\t<p class=\"elementor-heading-title elementor-size-default\">Wir bitten, dass Sie auf eine der folgenden Weisen ihren Beitrag einzahlen<\/p>\t\t\t\t<\/div>\n\t\t\t\t\t<\/div>\n\t\t\t\t<\/div>\n\t\t<div class=\"elementor-element elementor-element-d820df7 e-flex e-con-boxed e-con e-parent\" data-id=\"d820df7\" data-element_type=\"container\" data-e-type=\"container\">\n\t\t\t\t\t<div class=\"e-con-inner\">\n\t\t\t\t<div class=\"elementor-element elementor-element-3092cd2 elementor-widget-divider--view-line elementor-widget elementor-widget-divider\" data-id=\"3092cd2\" data-element_type=\"widget\" data-e-type=\"widget\" data-widget_type=\"divider.default\">\n\t\t\t\t\t\t\t<div class=\"elementor-divider\">\n\t\t\t<span class=\"elementor-divider-separator\">\n\t\t\t\t\t\t<\/span>\n\t\t<\/div>\n\t\t\t\t\t\t<\/div>\n\t\t\t\t\t<\/div>\n\t\t\t\t<\/div>\n\t\t<div class=\"elementor-element elementor-element-1cd326b e-flex e-con-boxed e-con e-parent\" data-id=\"1cd326b\" data-element_type=\"container\" data-e-type=\"container\">\n\t\t\t\t\t<div class=\"e-con-inner\">\n\t\t<div class=\"elementor-element elementor-element-ab12302 e-con-full e-flex e-con e-child\" data-id=\"ab12302\" data-element_type=\"container\" data-e-type=\"container\">\n\t\t\t\t<div class=\"elementor-element elementor-element-5730441 elementor-widget__width-auto elementor-widget elementor-widget-text-editor\" data-id=\"5730441\" data-element_type=\"widget\" data-e-type=\"widget\" data-widget_type=\"text-editor.default\">\n\t\t\t\t\t\t\t\t\t<ol>\n \t<li>A.\tInstitute, die ein Konto beim Istituto per le Opere di Religione (IOR) haben, \nk\u00f6nnen einen internen Transfer machen, entweder zum Konto # 22573-003 (f\u00fcr US Dollar) oder zum Konto # 22573-001 (f\u00fcr alle andere W\u00e4hrungen).<\/li>\n<\/ol>\t\t\t\t\t\t\t\t<\/div>\n\t\t\t\t<\/div>\n\t\t<div class=\"elementor-element elementor-element-d5f9926 e-con-full e-flex e-con e-child\" data-id=\"d5f9926\" data-element_type=\"container\" data-e-type=\"container\">\n\t\t\t\t<div class=\"elementor-element elementor-element-a1932e7 elementor-widget__width-auto elementor-widget elementor-widget-text-editor\" data-id=\"a1932e7\" data-element_type=\"widget\" data-e-type=\"widget\" data-widget_type=\"text-editor.default\">\n\t\t\t\t\t\t\t\t\t<ol start=\"2\">\n \t<li>Per Scheck bezahlen: Stellen Sie den Scheck auf die Conferenza Francescana Internazionale &#8211; TOR und schicken Sie ihn per Post an die Sekret\u00e4rin:\nPiazza del Risorgimento, 14 \u00b7 00192 \u2013 Rom, ITALIEN<\/li>\n<\/ol>\t\t\t\t\t\t\t\t<\/div>\n\t\t\t\t<\/div>\n\t\t\t\t\t<\/div>\n\t\t\t\t<\/div>\n\t\t<div class=\"elementor-element elementor-element-9b0d26f e-flex e-con-boxed e-con e-parent\" data-id=\"9b0d26f\" data-element_type=\"container\" data-e-type=\"container\">\n\t\t\t\t\t<div class=\"e-con-inner\">\n\t\t\t\t<div class=\"elementor-element elementor-element-3c21033 elementor-widget__width-auto elementor-widget elementor-widget-text-editor\" data-id=\"3c21033\" data-element_type=\"widget\" data-e-type=\"widget\" data-widget_type=\"text-editor.default\">\n\t\t\t\t\t\t\t\t\t<ol start=\"3\"><li>Postbank (BancoPste), wie hier angegeben<br \/><em>Kontoname<\/em>: <strong>CONFERENZA FRANCESCANA INTERNAZIONALE<\/strong><br \/><em>Adresse<\/em>: <strong>Piazza Risorgimento, 14 &#8211; 00192 ROMA<\/strong><br \/><em>Name der Bank<\/em>: <strong>BancoPosta<\/strong><br \/><em>IBAN Code<\/em>: <strong>I T 7 5 H076 0103 2000 0101 0808 044<\/strong><br \/><em>SWIFT \/BIC<\/em> <strong>B P P I I T R R XXX<\/strong><\/li><\/ol>\t\t\t\t\t\t\t\t<\/div>\n\t\t\t\t\t<\/div>\n\t\t\t\t<\/div>\n\t\t<div class=\"elementor-element elementor-element-01b0834 e-flex e-con-boxed e-con e-parent\" data-id=\"01b0834\" data-element_type=\"container\" data-e-type=\"container\">\n\t\t\t\t\t<div class=\"e-con-inner\">\n\t\t\t\t<div class=\"elementor-element elementor-element-cb2b618 elementor-widget__width-auto elementor-widget elementor-widget-heading\" data-id=\"cb2b618\" data-element_type=\"widget\" data-e-type=\"widget\" data-widget_type=\"heading.default\">\n\t\t\t\t\t<p class=\"elementor-heading-title elementor-size-default\">DANKE !<\/p>\t\t\t\t<\/div>\n\t\t\t\t<div class=\"elementor-element elementor-element-a7dd87f elementor-widget__width-auto elementor-widget elementor-widget-heading\" data-id=\"a7dd87f\" data-element_type=\"widget\" data-e-type=\"widget\" data-widget_type=\"heading.default\">\n\t\t\t\t\t<p class=\"elementor-heading-title elementor-size-default\"><i class=\"fas fa-hand-holding-heart fa-lg\" style=\"color: #cc9e62\"><\/i><\/p>\t\t\t\t<\/div>\n\t\t\t\t\t<\/div>\n\t\t\t\t<\/div>\n\t\t\t\t<\/div>\n\t\t","protected":false},"excerpt":{"rendered":"<p>LEITFADEN F\u00dcR G\u00d6NNER Eine SPENDE MACHEN Wir bitten, dass Sie auf eine der folgenden Weisen ihren Beitrag einzahlen A. Institute, die ein Konto beim Istituto per le Opere di Religione (IOR) haben, k\u00f6nnen einen internen Transfer machen, entweder zum Konto # 22573-003 (f\u00fcr US Dollar) oder zum Konto # 22573-001 (f\u00fcr alle andere W\u00e4hrungen). Per [&hellip;]<\/p>\n","protected":false},"author":1,"featured_media":0,"parent":0,"menu_order":0,"comment_status":"closed","ping_status":"closed","template":"elementor_header_footer","meta":{"footnotes":""},"class_list":["post-2187","page","type-page","status-publish","hentry"],"_links":{"self":[{"href":"https:\/\/www.ifc-tor.org\/de\/wp-json\/wp\/v2\/pages\/2187","targetHints":{"allow":["GET"]}}],"collection":[{"href":"https:\/\/www.ifc-tor.org\/de\/wp-json\/wp\/v2\/pages"}],"about":[{"href":"https:\/\/www.ifc-tor.org\/de\/wp-json\/wp\/v2\/types\/page"}],"author":[{"embeddable":true,"href":"https:\/\/www.ifc-tor.org\/de\/wp-json\/wp\/v2\/users\/1"}],"replies":[{"embeddable":true,"href":"https:\/\/www.ifc-tor.org\/de\/wp-json\/wp\/v2\/comments?post=2187"}],"version-history":[{"count":0,"href":"https:\/\/www.ifc-tor.org\/de\/wp-json\/wp\/v2\/pages\/2187\/revisions"}],"wp:attachment":[{"href":"https:\/\/www.ifc-tor.org\/de\/wp-json\/wp\/v2\/media?parent=2187"}],"curies":[{"name":"wp","href":"https:\/\/api.w.org\/{rel}","templated":true}]}}