{"id":1795,"date":"2024-04-15T09:00:44","date_gmt":"2024-04-15T08:00:44","guid":{"rendered":"https:\/\/www.ifc-tor.org\/quienes-somos\/objetivos\/"},"modified":"2024-09-11T03:49:34","modified_gmt":"2024-09-11T02:49:34","slug":"objetivos","status":"publish","type":"page","link":"https:\/\/www.ifc-tor.org\/es\/quienes-somos\/objetivos\/","title":{"rendered":"Objetivos"},"content":{"rendered":"\t\t<div data-elementor-type=\"wp-post\" data-elementor-id=\"1795\" class=\"elementor elementor-1795 elementor-67\" data-elementor-post-type=\"page\">\n\t\t\t\t<div class=\"elementor-element elementor-element-3aa77fb e-flex e-con-boxed e-con e-parent\" data-id=\"3aa77fb\" data-element_type=\"container\" data-e-type=\"container\" data-settings=\"{&quot;background_background&quot;:&quot;classic&quot;}\">\n\t\t\t\t\t<div class=\"e-con-inner\">\n\t\t<div class=\"elementor-element elementor-element-e2b65fb e-con-full e-flex e-con e-child\" data-id=\"e2b65fb\" data-element_type=\"container\" data-e-type=\"container\">\n\t\t\t\t<div class=\"elementor-element elementor-element-f16ef8b elementor-widget elementor-widget-heading\" data-id=\"f16ef8b\" data-element_type=\"widget\" data-e-type=\"widget\" data-widget_type=\"heading.default\">\n\t\t\t\t\t<p class=\"elementor-heading-title elementor-size-default\">QUI\u00c9NES SOMOS<\/p>\t\t\t\t<\/div>\n\t\t\t\t<div class=\"elementor-element elementor-element-ce29394 elementor-widget elementor-widget-heading\" data-id=\"ce29394\" data-element_type=\"widget\" data-e-type=\"widget\" data-widget_type=\"heading.default\">\n\t\t\t\t\t<p class=\"elementor-heading-title elementor-size-default\">OBJETIVOS de la Conferencia<\/p>\t\t\t\t<\/div>\n\t\t\t\t<\/div>\n\t\t<div class=\"elementor-element elementor-element-374cee7 e-con-full e-flex e-con e-child\" data-id=\"374cee7\" data-element_type=\"container\" data-e-type=\"container\">\n\t\t\t\t<\/div>\n\t\t\t\t\t<\/div>\n\t\t\t\t<\/div>\n\t\t<div class=\"elementor-element elementor-element-9e4b731 e-flex e-con-boxed e-con e-parent\" data-id=\"9e4b731\" data-element_type=\"container\" data-e-type=\"container\">\n\t\t\t\t\t<div class=\"e-con-inner\">\n\t\t<div class=\"elementor-element elementor-element-06cb9c3 e-con-full e-flex e-con e-child\" data-id=\"06cb9c3\" data-element_type=\"container\" data-e-type=\"container\">\n\t\t\t\t<div class=\"elementor-element elementor-element-64fa251 elementor-widget__width-auto elementor-widget elementor-widget-heading\" data-id=\"64fa251\" data-element_type=\"widget\" data-e-type=\"widget\" data-widget_type=\"heading.default\">\n\t\t\t\t\t<p class=\"elementor-heading-title elementor-size-default\">PROMOVER<\/p>\t\t\t\t<\/div>\n\t\t\t\t<div class=\"elementor-element elementor-element-524845d elementor-widget__width-auto elementor-widget elementor-widget-text-editor\" data-id=\"524845d\" data-element_type=\"widget\" data-e-type=\"widget\" data-widget_type=\"text-editor.default\">\n\t\t\t\t\t\t\t\t\t<p>en cada instituto y en sus relaciones con los dem\u00e1s institutos de la Tercera Orden Regular en todo el mundo, una verdadera comuni\u00f3n que favorezca la vida y la espiritualidad franciscana en concordancia con el esp\u00edritu y el contenido de esta Regla y de sus valores fundamentales, basados en el Evangelio y de acuerdo con las ensenanzas de la Iglesia.<\/p>\n\t\t\t\t\t\t\t\t<\/div>\n\t\t\t\t<\/div>\n\t\t<div class=\"elementor-element elementor-element-f05ccf6 e-con-full e-flex e-con e-child\" data-id=\"f05ccf6\" data-element_type=\"container\" data-e-type=\"container\">\n\t\t\t\t<div class=\"elementor-element elementor-element-8a2219b elementor-widget__width-auto elementor-widget elementor-widget-heading\" data-id=\"8a2219b\" data-element_type=\"widget\" data-e-type=\"widget\" data-widget_type=\"heading.default\">\n\t\t\t\t\t<p class=\"elementor-heading-title elementor-size-default\">CREAR<\/p>\t\t\t\t<\/div>\n\t\t\t\t<div class=\"elementor-element elementor-element-6c8519f elementor-widget__width-auto elementor-widget elementor-widget-text-editor\" data-id=\"6c8519f\" data-element_type=\"widget\" data-e-type=\"widget\" data-widget_type=\"text-editor.default\">\n\t\t\t\t\t\t\t\t\ty mantener la solidaridad entre los institutos por los medios siguientes:\n\nayuda mutua a nivel espiritual y material, colaboraci\u00f3n apost\u00f3lica, informaci\u00f3n y comunicaci\u00f3n mutuas, ayuda a nivel de la formaci\u00f3n, particular atenci\u00f3n a los institutos poco numerosos o m\u00e1s aislados, creaci\u00f3n y apoyo a las asociaciones u organizaciones regionales o nacionales que deseen uno o varios de esos medios.\t\t\t\t\t\t\t\t<\/div>\n\t\t\t\t<\/div>\n\t\t<div class=\"elementor-element elementor-element-cb1b55f e-con-full e-flex e-con e-child\" data-id=\"cb1b55f\" data-element_type=\"container\" data-e-type=\"container\">\n\t\t\t\t<div class=\"elementor-element elementor-element-ae04f69 elementor-widget__width-auto elementor-widget elementor-widget-heading\" data-id=\"ae04f69\" data-element_type=\"widget\" data-e-type=\"widget\" data-widget_type=\"heading.default\">\n\t\t\t\t\t<p class=\"elementor-heading-title elementor-size-default\">COLABORAR<\/p>\t\t\t\t<\/div>\n\t\t\t\t<div class=\"elementor-element elementor-element-d48bb31 elementor-widget__width-auto elementor-widget elementor-widget-text-editor\" data-id=\"d48bb31\" data-element_type=\"widget\" data-e-type=\"widget\" data-widget_type=\"text-editor.default\">\n\t\t\t\t\t\t\t\t\t<p>con la Primera y la Segunda Orden y con la Orden Franciscana Seglar.<\/p>\n\t\t\t\t\t\t\t\t<\/div>\n\t\t\t\t<\/div>\n\t\t<div class=\"elementor-element elementor-element-907797c e-con-full e-flex e-con e-child\" data-id=\"907797c\" data-element_type=\"container\" data-e-type=\"container\">\n\t\t\t\t<div class=\"elementor-element elementor-element-067393c elementor-widget__width-auto elementor-widget elementor-widget-heading\" data-id=\"067393c\" data-element_type=\"widget\" data-e-type=\"widget\" data-widget_type=\"heading.default\">\n\t\t\t\t\t<p class=\"elementor-heading-title elementor-size-default\">ANIMAR<\/p>\t\t\t\t<\/div>\n\t\t\t\t<div class=\"elementor-element elementor-element-1b14f9a elementor-widget__width-auto elementor-widget elementor-widget-text-editor\" data-id=\"1b14f9a\" data-element_type=\"widget\" data-e-type=\"widget\" data-widget_type=\"text-editor.default\">\n\t\t\t\t\t\t\t\t\t<p>y difundir los estudios sobre la espiritualidad y la historia franciscana.<\/p>\n\t\t\t\t\t\t\t\t<\/div>\n\t\t\t\t<\/div>\n\t\t<div class=\"elementor-element elementor-element-ce27a32 e-con-full e-flex e-con e-child\" data-id=\"ce27a32\" data-element_type=\"container\" data-e-type=\"container\">\n\t\t\t\t<div class=\"elementor-element elementor-element-65e7c66 elementor-widget__width-auto elementor-widget elementor-widget-heading\" data-id=\"65e7c66\" data-element_type=\"widget\" data-e-type=\"widget\" data-widget_type=\"heading.default\">\n\t\t\t\t\t<p class=\"elementor-heading-title elementor-size-default\">REPRESENTAR<\/p>\t\t\t\t<\/div>\n\t\t\t\t<div class=\"elementor-element elementor-element-9424e32 elementor-widget__width-auto elementor-widget elementor-widget-text-editor\" data-id=\"9424e32\" data-element_type=\"widget\" data-e-type=\"widget\" data-widget_type=\"text-editor.default\">\n\t\t\t\t\t\t\t\t\t<p>a los institutos, miembros de la CFI-TOR, ante la Iglesia, ante la familia franciscana, ante el mundo.<\/p>\n\t\t\t\t\t\t\t\t<\/div>\n\t\t\t\t<\/div>\n\t\t<div class=\"elementor-element elementor-element-f3aae2f e-con-full e-flex e-con e-child\" data-id=\"f3aae2f\" data-element_type=\"container\" data-e-type=\"container\">\n\t\t\t\t<div class=\"elementor-element elementor-element-628b0f7 elementor-widget__width-auto elementor-widget elementor-widget-heading\" data-id=\"628b0f7\" data-element_type=\"widget\" data-e-type=\"widget\" data-widget_type=\"heading.default\">\n\t\t\t\t\t<p class=\"elementor-heading-title elementor-size-default\">APOYAR<\/p>\t\t\t\t<\/div>\n\t\t\t\t<div class=\"elementor-element elementor-element-3169ea0 elementor-widget__width-auto elementor-widget elementor-widget-text-editor\" data-id=\"3169ea0\" data-element_type=\"widget\" data-e-type=\"widget\" data-widget_type=\"text-editor.default\">\n\t\t\t\t\t\t\t\t\t<p>o tomar la iniciativa de medios para la salvaguardia de los derechos universales de toda persona humana seg\u00fan el Evangelio, velando particularmente por el respeto a la vida, a la libertad, a la justicia y a la paz, al medio ambiente.<\/p>\n\t\t\t\t\t\t\t\t<\/div>\n\t\t\t\t<\/div>\n\t\t\t\t\t<\/div>\n\t\t\t\t<\/div>\n\t\t\t\t<\/div>\n\t\t","protected":false},"excerpt":{"rendered":"<p>QUI\u00c9NES SOMOS OBJETIVOS de la Conferencia PROMOVER en cada instituto y en sus relaciones con los dem\u00e1s institutos de la Tercera Orden Regular en todo el mundo, una verdadera comuni\u00f3n que favorezca la vida y la espiritualidad franciscana en concordancia con el esp\u00edritu y el contenido de esta Regla y de sus valores fundamentales, basados [&hellip;]<\/p>\n","protected":false},"author":1,"featured_media":0,"parent":1794,"menu_order":0,"comment_status":"closed","ping_status":"closed","template":"elementor_header_footer","meta":{"footnotes":""},"class_list":["post-1795","page","type-page","status-publish","hentry"],"_links":{"self":[{"href":"https:\/\/www.ifc-tor.org\/es\/wp-json\/wp\/v2\/pages\/1795","targetHints":{"allow":["GET"]}}],"collection":[{"href":"https:\/\/www.ifc-tor.org\/es\/wp-json\/wp\/v2\/pages"}],"about":[{"href":"https:\/\/www.ifc-tor.org\/es\/wp-json\/wp\/v2\/types\/page"}],"author":[{"embeddable":true,"href":"https:\/\/www.ifc-tor.org\/es\/wp-json\/wp\/v2\/users\/1"}],"replies":[{"embeddable":true,"href":"https:\/\/www.ifc-tor.org\/es\/wp-json\/wp\/v2\/comments?post=1795"}],"version-history":[{"count":0,"href":"https:\/\/www.ifc-tor.org\/es\/wp-json\/wp\/v2\/pages\/1795\/revisions"}],"up":[{"embeddable":true,"href":"https:\/\/www.ifc-tor.org\/es\/wp-json\/wp\/v2\/pages\/1794"}],"wp:attachment":[{"href":"https:\/\/www.ifc-tor.org\/es\/wp-json\/wp\/v2\/media?parent=1795"}],"curies":[{"name":"wp","href":"https:\/\/api.w.org\/{rel}","templated":true}]}}