{"id":1845,"date":"2024-04-15T09:00:48","date_gmt":"2024-04-15T08:00:48","guid":{"rendered":"https:\/\/www.ifc-tor.org\/donacion\/"},"modified":"2024-10-03T09:01:27","modified_gmt":"2024-10-03T08:01:27","slug":"donar","status":"publish","type":"page","link":"https:\/\/www.ifc-tor.org\/es\/donar\/","title":{"rendered":"Donar"},"content":{"rendered":"\t\t<div data-elementor-type=\"wp-post\" data-elementor-id=\"1845\" class=\"elementor elementor-1845 elementor-93\" data-elementor-post-type=\"page\">\n\t\t\t\t<div class=\"elementor-element elementor-element-c3ecff9 e-flex e-con-boxed e-con e-parent\" data-id=\"c3ecff9\" data-element_type=\"container\" data-e-type=\"container\" data-settings=\"{&quot;background_background&quot;:&quot;classic&quot;}\">\n\t\t\t\t\t<div class=\"e-con-inner\">\n\t\t<div class=\"elementor-element elementor-element-34094d0 e-con-full e-flex e-con e-child\" data-id=\"34094d0\" data-element_type=\"container\" data-e-type=\"container\">\n\t\t\t\t<div class=\"elementor-element elementor-element-4e26568 elementor-widget elementor-widget-heading\" data-id=\"4e26568\" data-element_type=\"widget\" data-e-type=\"widget\" data-widget_type=\"heading.default\">\n\t\t\t\t\t<p class=\"elementor-heading-title elementor-size-default\">GU\u00cdA DEL BENEFACTOR<\/p>\t\t\t\t<\/div>\n\t\t\t\t<div class=\"elementor-element elementor-element-9e24d03 elementor-widget elementor-widget-heading\" data-id=\"9e24d03\" data-element_type=\"widget\" data-e-type=\"widget\" data-widget_type=\"heading.default\">\n\t\t\t\t\t<p class=\"elementor-heading-title elementor-size-default\">Haz un DONATIVO<\/p>\t\t\t\t<\/div>\n\t\t\t\t<\/div>\n\t\t<div class=\"elementor-element elementor-element-1553e1f e-con-full e-flex e-con e-child\" data-id=\"1553e1f\" data-element_type=\"container\" data-e-type=\"container\">\n\t\t\t\t<\/div>\n\t\t\t\t\t<\/div>\n\t\t\t\t<\/div>\n\t\t<div class=\"elementor-element elementor-element-50c72c2 e-flex e-con-boxed e-con e-parent\" data-id=\"50c72c2\" data-element_type=\"container\" data-e-type=\"container\">\n\t\t\t\t\t<div class=\"e-con-inner\">\n\t\t\t\t<div class=\"elementor-element elementor-element-fdd69ef elementor-widget__width-auto elementor-widget elementor-widget-heading\" data-id=\"fdd69ef\" data-element_type=\"widget\" data-e-type=\"widget\" data-widget_type=\"heading.default\">\n\t\t\t\t\t<p class=\"elementor-heading-title elementor-size-default\">A continuaci\u00f3n se indican las modalidades para la contribuici\u00f3n<\/p>\t\t\t\t<\/div>\n\t\t\t\t\t<\/div>\n\t\t\t\t<\/div>\n\t\t<div class=\"elementor-element elementor-element-2a8c1cd e-flex e-con-boxed e-con e-parent\" data-id=\"2a8c1cd\" data-element_type=\"container\" data-e-type=\"container\">\n\t\t\t\t\t<div class=\"e-con-inner\">\n\t\t\t\t<div class=\"elementor-element elementor-element-bc9c5ca elementor-widget-divider--view-line elementor-widget elementor-widget-divider\" data-id=\"bc9c5ca\" data-element_type=\"widget\" data-e-type=\"widget\" data-widget_type=\"divider.default\">\n\t\t\t\t\t\t\t<div class=\"elementor-divider\">\n\t\t\t<span class=\"elementor-divider-separator\">\n\t\t\t\t\t\t<\/span>\n\t\t<\/div>\n\t\t\t\t\t\t<\/div>\n\t\t\t\t\t<\/div>\n\t\t\t\t<\/div>\n\t\t<div class=\"elementor-element elementor-element-fdf2f60 e-flex e-con-boxed e-con e-parent\" data-id=\"fdf2f60\" data-element_type=\"container\" data-e-type=\"container\">\n\t\t\t\t\t<div class=\"e-con-inner\">\n\t\t<div class=\"elementor-element elementor-element-5a863ab e-con-full e-flex e-con e-child\" data-id=\"5a863ab\" data-element_type=\"container\" data-e-type=\"container\">\n\t\t\t\t<div class=\"elementor-element elementor-element-48efb90 elementor-widget__width-auto elementor-widget elementor-widget-text-editor\" data-id=\"48efb90\" data-element_type=\"widget\" data-e-type=\"widget\" data-widget_type=\"text-editor.default\">\n\t\t\t\t\t\t\t\t\t<ol><li>Para los Institutos con una cuenta en el Istituto per le Opere di Religione (IOR), es posible una transferencia bancaria interna a la cuenta # 22573-003 (para d\u00f3lares USA) o a la cuenta # 22573-001 (para todas las dem\u00e1s monedas).<\/li><\/ol>\t\t\t\t\t\t\t\t<\/div>\n\t\t\t\t<\/div>\n\t\t<div class=\"elementor-element elementor-element-4881bae e-con-full e-flex e-con e-child\" data-id=\"4881bae\" data-element_type=\"container\" data-e-type=\"container\">\n\t\t\t\t<div class=\"elementor-element elementor-element-8927d7d elementor-widget__width-auto elementor-widget elementor-widget-text-editor\" data-id=\"8927d7d\" data-element_type=\"widget\" data-e-type=\"widget\" data-widget_type=\"text-editor.default\">\n\t\t\t\t\t\t\t\t\t<ol start=\"2\">\n \t<li>Emitir un cheque a nombre de la  Conferenza Francescana Internazionale &#8211; TOR y enviarlo a la Secretaria:\nPiazza del Risorgimento, 14 \u00b7 00192 \u2013 Roma, ITALIA<\/li>\n<\/ol>\t\t\t\t\t\t\t\t<\/div>\n\t\t\t\t<\/div>\n\t\t\t\t\t<\/div>\n\t\t\t\t<\/div>\n\t\t<div class=\"elementor-element elementor-element-3f3eab7 e-flex e-con-boxed e-con e-parent\" data-id=\"3f3eab7\" data-element_type=\"container\" data-e-type=\"container\">\n\t\t\t\t\t<div class=\"e-con-inner\">\n\t\t\t\t<div class=\"elementor-element elementor-element-5fc1470 elementor-widget__width-auto elementor-widget elementor-widget-text-editor\" data-id=\"5fc1470\" data-element_type=\"widget\" data-e-type=\"widget\" data-widget_type=\"text-editor.default\">\n\t\t\t\t\t\t\t\t\t<ol start=\"3\"><li>BancoPosta como sigue<br \/><em>Nombre de la cuenta<\/em>: <strong>CONFERENZA FRANCESCANA INTERNAZIONALE<\/strong><br \/><em>Direcci\u00f3n<\/em>: <strong>Piazza Risorgimento, 14 &#8211; 00192 ROMA<\/strong><br \/><em>Nombre del banco<\/em>: <strong>BancoPosta<\/strong><br \/><em>C\u00f3digo IBAN<\/em>: <strong>I T 7 5 H076 0103 2000 0101 0808 044<\/strong><br \/><em>SWIFT \/BIC<\/em> <strong>B P P I I T R R XXX<\/strong><\/li><\/ol>\t\t\t\t\t\t\t\t<\/div>\n\t\t\t\t\t<\/div>\n\t\t\t\t<\/div>\n\t\t<div class=\"elementor-element elementor-element-04cfc54 e-flex e-con-boxed e-con e-parent\" data-id=\"04cfc54\" data-element_type=\"container\" data-e-type=\"container\">\n\t\t\t\t\t<div class=\"e-con-inner\">\n\t\t\t\t<div class=\"elementor-element elementor-element-220b055 elementor-widget__width-auto elementor-widget elementor-widget-heading\" data-id=\"220b055\" data-element_type=\"widget\" data-e-type=\"widget\" data-widget_type=\"heading.default\">\n\t\t\t\t\t<p class=\"elementor-heading-title elementor-size-default\">\u00a1 MUCHAS GRACIAS ! <\/p>\t\t\t\t<\/div>\n\t\t\t\t<div class=\"elementor-element elementor-element-f3c8d47 elementor-widget__width-auto elementor-widget elementor-widget-heading\" data-id=\"f3c8d47\" data-element_type=\"widget\" data-e-type=\"widget\" data-widget_type=\"heading.default\">\n\t\t\t\t\t<p class=\"elementor-heading-title elementor-size-default\"><i class=\"fas fa-hand-holding-heart fa-lg\" style=\"color: #cc9e62\"><\/i><\/p>\t\t\t\t<\/div>\n\t\t\t\t\t<\/div>\n\t\t\t\t<\/div>\n\t\t\t\t<\/div>\n\t\t","protected":false},"excerpt":{"rendered":"<p>GU\u00cdA DEL BENEFACTOR Haz un DONATIVO A continuaci\u00f3n se indican las modalidades para la contribuici\u00f3n Para los Institutos con una cuenta en el Istituto per le Opere di Religione (IOR), es posible una transferencia bancaria interna a la cuenta # 22573-003 (para d\u00f3lares USA) o a la cuenta # 22573-001 (para todas las dem\u00e1s monedas). [&hellip;]<\/p>\n","protected":false},"author":1,"featured_media":0,"parent":0,"menu_order":0,"comment_status":"closed","ping_status":"closed","template":"elementor_header_footer","meta":{"footnotes":""},"class_list":["post-1845","page","type-page","status-publish","hentry"],"_links":{"self":[{"href":"https:\/\/www.ifc-tor.org\/es\/wp-json\/wp\/v2\/pages\/1845","targetHints":{"allow":["GET"]}}],"collection":[{"href":"https:\/\/www.ifc-tor.org\/es\/wp-json\/wp\/v2\/pages"}],"about":[{"href":"https:\/\/www.ifc-tor.org\/es\/wp-json\/wp\/v2\/types\/page"}],"author":[{"embeddable":true,"href":"https:\/\/www.ifc-tor.org\/es\/wp-json\/wp\/v2\/users\/1"}],"replies":[{"embeddable":true,"href":"https:\/\/www.ifc-tor.org\/es\/wp-json\/wp\/v2\/comments?post=1845"}],"version-history":[{"count":0,"href":"https:\/\/www.ifc-tor.org\/es\/wp-json\/wp\/v2\/pages\/1845\/revisions"}],"wp:attachment":[{"href":"https:\/\/www.ifc-tor.org\/es\/wp-json\/wp\/v2\/media?parent=1845"}],"curies":[{"name":"wp","href":"https:\/\/api.w.org\/{rel}","templated":true}]}}