{"id":2015,"date":"2024-04-15T09:00:44","date_gmt":"2024-04-15T08:00:44","guid":{"rendered":"https:\/\/www.ifc-tor.org\/qui-sommes-nous\/objectifs\/"},"modified":"2024-09-16T00:59:15","modified_gmt":"2024-09-15T23:59:15","slug":"objectifs","status":"publish","type":"page","link":"https:\/\/www.ifc-tor.org\/fr\/qui-sommes\/objectifs\/","title":{"rendered":"Objectifs"},"content":{"rendered":"\t\t<div data-elementor-type=\"wp-post\" data-elementor-id=\"2015\" class=\"elementor elementor-2015 elementor-67\" data-elementor-post-type=\"page\">\n\t\t\t\t<div class=\"elementor-element elementor-element-3aa77fb e-flex e-con-boxed e-con e-parent\" data-id=\"3aa77fb\" data-element_type=\"container\" data-e-type=\"container\" data-settings=\"{&quot;background_background&quot;:&quot;classic&quot;}\">\n\t\t\t\t\t<div class=\"e-con-inner\">\n\t\t<div class=\"elementor-element elementor-element-e2b65fb e-con-full e-flex e-con e-child\" data-id=\"e2b65fb\" data-element_type=\"container\" data-e-type=\"container\">\n\t\t\t\t<div class=\"elementor-element elementor-element-f16ef8b elementor-widget elementor-widget-heading\" data-id=\"f16ef8b\" data-element_type=\"widget\" data-e-type=\"widget\" data-widget_type=\"heading.default\">\n\t\t\t\t\t<p class=\"elementor-heading-title elementor-size-default\">QUI SOMMES NOUS ?<\/p>\t\t\t\t<\/div>\n\t\t\t\t<div class=\"elementor-element elementor-element-ce29394 elementor-widget elementor-widget-heading\" data-id=\"ce29394\" data-element_type=\"widget\" data-e-type=\"widget\" data-widget_type=\"heading.default\">\n\t\t\t\t\t<p class=\"elementor-heading-title elementor-size-default\">OBJECTIFS de la conf\u00e9rence<\/p>\t\t\t\t<\/div>\n\t\t\t\t<\/div>\n\t\t<div class=\"elementor-element elementor-element-374cee7 e-con-full e-flex e-con e-child\" data-id=\"374cee7\" data-element_type=\"container\" data-e-type=\"container\">\n\t\t\t\t<\/div>\n\t\t\t\t\t<\/div>\n\t\t\t\t<\/div>\n\t\t<div class=\"elementor-element elementor-element-9e4b731 e-flex e-con-boxed e-con e-parent\" data-id=\"9e4b731\" data-element_type=\"container\" data-e-type=\"container\">\n\t\t\t\t\t<div class=\"e-con-inner\">\n\t\t<div class=\"elementor-element elementor-element-06cb9c3 e-con-full e-flex e-con e-child\" data-id=\"06cb9c3\" data-element_type=\"container\" data-e-type=\"container\">\n\t\t\t\t<div class=\"elementor-element elementor-element-64fa251 elementor-widget__width-auto elementor-widget elementor-widget-heading\" data-id=\"64fa251\" data-element_type=\"widget\" data-e-type=\"widget\" data-widget_type=\"heading.default\">\n\t\t\t\t\t<p class=\"elementor-heading-title elementor-size-default\">DE PROMOUVOIR<\/p>\t\t\t\t<\/div>\n\t\t\t\t<div class=\"elementor-element elementor-element-524845d elementor-widget__width-auto elementor-widget elementor-widget-text-editor\" data-id=\"524845d\" data-element_type=\"widget\" data-e-type=\"widget\" data-widget_type=\"text-editor.default\">\n\t\t\t\t\t\t\t\t\t<p>\u00e0 l\u2019int\u00e9rieur et entre les instituts du Troisi\u00e8me Ordre R\u00e9gulier \u00e0 travers le monde, une v\u00e9ritable communion favorisant la vie et la spiritualit\u00e9 franciscaine en harmonie avec l\u2019esprit et le contenu de cette R\u00e8gle et ses valeurs fondamentales, bas\u00e9es sur l\u2019Evangile et en accord avec les enseignements de l\u2019Eglise.<\/p>\n\t\t\t\t\t\t\t\t<\/div>\n\t\t\t\t<\/div>\n\t\t<div class=\"elementor-element elementor-element-f05ccf6 e-con-full e-flex e-con e-child\" data-id=\"f05ccf6\" data-element_type=\"container\" data-e-type=\"container\">\n\t\t\t\t<div class=\"elementor-element elementor-element-8a2219b elementor-widget__width-auto elementor-widget elementor-widget-heading\" data-id=\"8a2219b\" data-element_type=\"widget\" data-e-type=\"widget\" data-widget_type=\"heading.default\">\n\t\t\t\t\t<p class=\"elementor-heading-title elementor-size-default\">DE CREER<\/p>\t\t\t\t<\/div>\n\t\t\t\t<div class=\"elementor-element elementor-element-6c8519f elementor-widget__width-auto elementor-widget elementor-widget-text-editor\" data-id=\"6c8519f\" data-element_type=\"widget\" data-e-type=\"widget\" data-widget_type=\"text-editor.default\">\n\t\t\t\t\t\t\t\t\tet de maintenir la solidarit\u00e9 entre les instituts par les moyens suivants:\n\nAide mutuelle aux niveaux spirituel et mat\u00e9riel, Collaboration apostolique, Information, communication mutuelles, Aide au niveau de la formation, Attention particuli\u00e8re aux instituts peu nombreux et plus isol\u00e9s, Cr\u00e9ation et soutien des associations ou organisations franciscaines r\u00e9gionales o\u00f9 nationales, l\u00e0 ou l\u2019un ou plusieurs de ces moyens sont d\u00e9sir\u00e9s.\t\t\t\t\t\t\t\t<\/div>\n\t\t\t\t<\/div>\n\t\t<div class=\"elementor-element elementor-element-cb1b55f e-con-full e-flex e-con e-child\" data-id=\"cb1b55f\" data-element_type=\"container\" data-e-type=\"container\">\n\t\t\t\t<div class=\"elementor-element elementor-element-ae04f69 elementor-widget__width-auto elementor-widget elementor-widget-heading\" data-id=\"ae04f69\" data-element_type=\"widget\" data-e-type=\"widget\" data-widget_type=\"heading.default\">\n\t\t\t\t\t<p class=\"elementor-heading-title elementor-size-default\">DE COLLABORER<\/p>\t\t\t\t<\/div>\n\t\t\t\t<div class=\"elementor-element elementor-element-d48bb31 elementor-widget__width-auto elementor-widget elementor-widget-text-editor\" data-id=\"d48bb31\" data-element_type=\"widget\" data-e-type=\"widget\" data-widget_type=\"text-editor.default\">\n\t\t\t\t\t\t\t\t\t<p>avec le premier et le deuxi\u00e8me Ordres et avec l\u2019Ordre Franciscain S\u00e9culier.<\/p>\n\t\t\t\t\t\t\t\t<\/div>\n\t\t\t\t<\/div>\n\t\t<div class=\"elementor-element elementor-element-907797c e-con-full e-flex e-con e-child\" data-id=\"907797c\" data-element_type=\"container\" data-e-type=\"container\">\n\t\t\t\t<div class=\"elementor-element elementor-element-067393c elementor-widget__width-auto elementor-widget elementor-widget-heading\" data-id=\"067393c\" data-element_type=\"widget\" data-e-type=\"widget\" data-widget_type=\"heading.default\">\n\t\t\t\t\t<p class=\"elementor-heading-title elementor-size-default\">D\u2019ENCOURAGER<\/p>\t\t\t\t<\/div>\n\t\t\t\t<div class=\"elementor-element elementor-element-1b14f9a elementor-widget__width-auto elementor-widget elementor-widget-text-editor\" data-id=\"1b14f9a\" data-element_type=\"widget\" data-e-type=\"widget\" data-widget_type=\"text-editor.default\">\n\t\t\t\t\t\t\t\t\t<p>et de diffuser les recherches relatives \u00e0 la spiritualit\u00e9 et \u00e0 l\u2019histoire franciscaines.<\/p>\n\t\t\t\t\t\t\t\t<\/div>\n\t\t\t\t<\/div>\n\t\t<div class=\"elementor-element elementor-element-ce27a32 e-con-full e-flex e-con e-child\" data-id=\"ce27a32\" data-element_type=\"container\" data-e-type=\"container\">\n\t\t\t\t<div class=\"elementor-element elementor-element-65e7c66 elementor-widget__width-auto elementor-widget elementor-widget-heading\" data-id=\"65e7c66\" data-element_type=\"widget\" data-e-type=\"widget\" data-widget_type=\"heading.default\">\n\t\t\t\t\t<p class=\"elementor-heading-title elementor-size-default\">DE REPRESENTER<\/p>\t\t\t\t<\/div>\n\t\t\t\t<div class=\"elementor-element elementor-element-9424e32 elementor-widget__width-auto elementor-widget elementor-widget-text-editor\" data-id=\"9424e32\" data-element_type=\"widget\" data-e-type=\"widget\" data-widget_type=\"text-editor.default\">\n\t\t\t\t\t\t\t\t\t<p>les instituts membres de cette Conf\u00e9rence Franciscaine Internationale, dans l\u2019Eglise, dans la famille franciscaine, dans le monde.<\/p>\n\t\t\t\t\t\t\t\t<\/div>\n\t\t\t\t<\/div>\n\t\t<div class=\"elementor-element elementor-element-f3aae2f e-con-full e-flex e-con e-child\" data-id=\"f3aae2f\" data-element_type=\"container\" data-e-type=\"container\">\n\t\t\t\t<div class=\"elementor-element elementor-element-628b0f7 elementor-widget__width-auto elementor-widget elementor-widget-heading\" data-id=\"628b0f7\" data-element_type=\"widget\" data-e-type=\"widget\" data-widget_type=\"heading.default\">\n\t\t\t\t\t<p class=\"elementor-heading-title elementor-size-default\">DE SOUTENIR<\/p>\t\t\t\t<\/div>\n\t\t\t\t<div class=\"elementor-element elementor-element-3169ea0 elementor-widget__width-auto elementor-widget elementor-widget-text-editor\" data-id=\"3169ea0\" data-element_type=\"widget\" data-e-type=\"widget\" data-widget_type=\"text-editor.default\">\n\t\t\t\t\t\t\t\t\t<p>ou de prendre l\u2019initiative d\u2019efforts pour la sauvegarde des droits universels de toute personne humaine selon l\u2019Evangile, veillant tout particuli\u00e8rement au respect de la vie, de la libert\u00e9, de la justice et de la paix, de l\u2019environnement.<\/p>\n\t\t\t\t\t\t\t\t<\/div>\n\t\t\t\t<\/div>\n\t\t\t\t\t<\/div>\n\t\t\t\t<\/div>\n\t\t\t\t<\/div>\n\t\t","protected":false},"excerpt":{"rendered":"<p>QUI SOMMES NOUS ? OBJECTIFS de la conf\u00e9rence DE PROMOUVOIR \u00e0 l\u2019int\u00e9rieur et entre les instituts du Troisi\u00e8me Ordre R\u00e9gulier \u00e0 travers le monde, une v\u00e9ritable communion favorisant la vie et la spiritualit\u00e9 franciscaine en harmonie avec l\u2019esprit et le contenu de cette R\u00e8gle et ses valeurs fondamentales, bas\u00e9es sur l\u2019Evangile et en accord avec [&hellip;]<\/p>\n","protected":false},"author":1,"featured_media":0,"parent":2014,"menu_order":0,"comment_status":"closed","ping_status":"closed","template":"elementor_header_footer","meta":{"footnotes":""},"class_list":["post-2015","page","type-page","status-publish","hentry"],"_links":{"self":[{"href":"https:\/\/www.ifc-tor.org\/fr\/wp-json\/wp\/v2\/pages\/2015","targetHints":{"allow":["GET"]}}],"collection":[{"href":"https:\/\/www.ifc-tor.org\/fr\/wp-json\/wp\/v2\/pages"}],"about":[{"href":"https:\/\/www.ifc-tor.org\/fr\/wp-json\/wp\/v2\/types\/page"}],"author":[{"embeddable":true,"href":"https:\/\/www.ifc-tor.org\/fr\/wp-json\/wp\/v2\/users\/1"}],"replies":[{"embeddable":true,"href":"https:\/\/www.ifc-tor.org\/fr\/wp-json\/wp\/v2\/comments?post=2015"}],"version-history":[{"count":0,"href":"https:\/\/www.ifc-tor.org\/fr\/wp-json\/wp\/v2\/pages\/2015\/revisions"}],"up":[{"embeddable":true,"href":"https:\/\/www.ifc-tor.org\/fr\/wp-json\/wp\/v2\/pages\/2014"}],"wp:attachment":[{"href":"https:\/\/www.ifc-tor.org\/fr\/wp-json\/wp\/v2\/media?parent=2015"}],"curies":[{"name":"wp","href":"https:\/\/api.w.org\/{rel}","templated":true}]}}