{"id":2045,"date":"2024-04-15T09:00:48","date_gmt":"2024-04-15T08:00:48","guid":{"rendered":"https:\/\/www.ifc-tor.org\/donations\/"},"modified":"2024-10-03T08:19:05","modified_gmt":"2024-10-03T07:19:05","slug":"donner","status":"publish","type":"page","link":"https:\/\/www.ifc-tor.org\/fr\/donner\/","title":{"rendered":"Donner"},"content":{"rendered":"\t\t<div data-elementor-type=\"wp-post\" data-elementor-id=\"2045\" class=\"elementor elementor-2045 elementor-93\" data-elementor-post-type=\"page\">\n\t\t\t\t<div class=\"elementor-element elementor-element-a80898e e-flex e-con-boxed e-con e-parent\" data-id=\"a80898e\" data-element_type=\"container\" data-e-type=\"container\" data-settings=\"{&quot;background_background&quot;:&quot;classic&quot;}\">\n\t\t\t\t\t<div class=\"e-con-inner\">\n\t\t<div class=\"elementor-element elementor-element-967bc15 e-con-full e-flex e-con e-child\" data-id=\"967bc15\" data-element_type=\"container\" data-e-type=\"container\">\n\t\t\t\t<div class=\"elementor-element elementor-element-5314404 elementor-widget elementor-widget-heading\" data-id=\"5314404\" data-element_type=\"widget\" data-e-type=\"widget\" data-widget_type=\"heading.default\">\n\t\t\t\t\t<p class=\"elementor-heading-title elementor-size-default\">GUIDE DU BIENFAITEUR<\/p>\t\t\t\t<\/div>\n\t\t\t\t<div class=\"elementor-element elementor-element-72c88e1 elementor-widget elementor-widget-heading\" data-id=\"72c88e1\" data-element_type=\"widget\" data-e-type=\"widget\" data-widget_type=\"heading.default\">\n\t\t\t\t\t<p class=\"elementor-heading-title elementor-size-default\">Faire un DON<\/p>\t\t\t\t<\/div>\n\t\t\t\t<\/div>\n\t\t<div class=\"elementor-element elementor-element-de4095a e-con-full e-flex e-con e-child\" data-id=\"de4095a\" data-element_type=\"container\" data-e-type=\"container\">\n\t\t\t\t<\/div>\n\t\t\t\t\t<\/div>\n\t\t\t\t<\/div>\n\t\t<div class=\"elementor-element elementor-element-b18e1be e-flex e-con-boxed e-con e-parent\" data-id=\"b18e1be\" data-element_type=\"container\" data-e-type=\"container\">\n\t\t\t\t\t<div class=\"e-con-inner\">\n\t\t\t\t<div class=\"elementor-element elementor-element-b171ae1 elementor-widget__width-auto elementor-widget elementor-widget-heading\" data-id=\"b171ae1\" data-element_type=\"widget\" data-e-type=\"widget\" data-widget_type=\"heading.default\">\n\t\t\t\t\t<p class=\"elementor-heading-title elementor-size-default\">Veuillez verser vos cotisations par un des moyens suivants\u00a0<\/p>\t\t\t\t<\/div>\n\t\t\t\t\t<\/div>\n\t\t\t\t<\/div>\n\t\t<div class=\"elementor-element elementor-element-395e681 e-flex e-con-boxed e-con e-parent\" data-id=\"395e681\" data-element_type=\"container\" data-e-type=\"container\">\n\t\t\t\t\t<div class=\"e-con-inner\">\n\t\t\t\t<div class=\"elementor-element elementor-element-e4f753a elementor-widget-divider--view-line elementor-widget elementor-widget-divider\" data-id=\"e4f753a\" data-element_type=\"widget\" data-e-type=\"widget\" data-widget_type=\"divider.default\">\n\t\t\t\t\t\t\t<div class=\"elementor-divider\">\n\t\t\t<span class=\"elementor-divider-separator\">\n\t\t\t\t\t\t<\/span>\n\t\t<\/div>\n\t\t\t\t\t\t<\/div>\n\t\t\t\t\t<\/div>\n\t\t\t\t<\/div>\n\t\t<div class=\"elementor-element elementor-element-03fecc4 e-flex e-con-boxed e-con e-parent\" data-id=\"03fecc4\" data-element_type=\"container\" data-e-type=\"container\">\n\t\t\t\t\t<div class=\"e-con-inner\">\n\t\t<div class=\"elementor-element elementor-element-5eebaef e-con-full e-flex e-con e-child\" data-id=\"5eebaef\" data-element_type=\"container\" data-e-type=\"container\">\n\t\t\t\t<div class=\"elementor-element elementor-element-78d9fb3 elementor-widget__width-auto elementor-widget elementor-widget-text-editor\" data-id=\"78d9fb3\" data-element_type=\"widget\" data-e-type=\"widget\" data-widget_type=\"text-editor.default\">\n\t\t\t\t\t\t\t\t\t<ol>\n \t<li>Pour les Instituts qui ont un compte aupr\u00e8s de l\u2019Istituto per le Opere di Religione (IOR), vous pouvez faire un virement interne, soit sur le compte # 22573-003 (en USD) soit sur le compte # 22573-001 (autres devises).<\/li>\n<\/ol>\t\t\t\t\t\t\t\t<\/div>\n\t\t\t\t<\/div>\n\t\t<div class=\"elementor-element elementor-element-af54082 e-con-full e-flex e-con e-child\" data-id=\"af54082\" data-element_type=\"container\" data-e-type=\"container\">\n\t\t\t\t<div class=\"elementor-element elementor-element-3ab73ae elementor-widget__width-auto elementor-widget elementor-widget-text-editor\" data-id=\"3ab73ae\" data-element_type=\"widget\" data-e-type=\"widget\" data-widget_type=\"text-editor.default\">\n\t\t\t\t\t\t\t\t\t<ol start=\"2\">\n \t<li>Envoyer un ch\u00e8que. Il sera libell\u00e9 au nom de Conferenza Francescana Internazionale &#8211; TOR et envoy\u00e9 \u00e0 la Secr\u00e9taire :\nPiazza del Risorgimento, 14 \u00b7 00192 \u2013 Rome, ITALIE<\/li>\n<\/ol>\t\t\t\t\t\t\t\t<\/div>\n\t\t\t\t<\/div>\n\t\t\t\t\t<\/div>\n\t\t\t\t<\/div>\n\t\t<div class=\"elementor-element elementor-element-4b65a1a e-flex e-con-boxed e-con e-parent\" data-id=\"4b65a1a\" data-element_type=\"container\" data-e-type=\"container\">\n\t\t\t\t\t<div class=\"e-con-inner\">\n\t\t\t\t<div class=\"elementor-element elementor-element-09f0f3f elementor-widget__width-auto elementor-widget elementor-widget-text-editor\" data-id=\"09f0f3f\" data-element_type=\"widget\" data-e-type=\"widget\" data-widget_type=\"text-editor.default\">\n\t\t\t\t\t\t\t\t\t<ol start=\"3\"><li>BancoPosta comme suit <br \/><em>Nom du compte<\/em> : <strong>CONFERENZA FRANCESCANA INTERNAZIONALE<\/strong><br \/><em>Adresse<\/em> : <strong>Piazza Risorgimento, 14 &#8211; 00192 ROMA<\/strong><br \/><em>Nom de la banque<\/em> : <strong>BancoPosta<\/strong><br \/><em>Code IBAN<\/em>\u00a0: I <strong>T 7 5 H076 0103 2000 0101 0808 044<\/strong><br \/><em>SWIFT \/BIC<\/em>\u00a0: <strong>B P P I I T R R XXX<\/strong><\/li><\/ol>\t\t\t\t\t\t\t\t<\/div>\n\t\t\t\t\t<\/div>\n\t\t\t\t<\/div>\n\t\t<div class=\"elementor-element elementor-element-0921645 e-flex e-con-boxed e-con e-parent\" data-id=\"0921645\" data-element_type=\"container\" data-e-type=\"container\">\n\t\t\t\t\t<div class=\"e-con-inner\">\n\t\t\t\t<div class=\"elementor-element elementor-element-0c8d145 elementor-widget__width-auto elementor-widget elementor-widget-heading\" data-id=\"0c8d145\" data-element_type=\"widget\" data-e-type=\"widget\" data-widget_type=\"heading.default\">\n\t\t\t\t\t<p class=\"elementor-heading-title elementor-size-default\">UN GRAND MERCI !<\/p>\t\t\t\t<\/div>\n\t\t\t\t<div class=\"elementor-element elementor-element-bd9903e elementor-widget__width-auto elementor-widget elementor-widget-heading\" data-id=\"bd9903e\" data-element_type=\"widget\" data-e-type=\"widget\" data-widget_type=\"heading.default\">\n\t\t\t\t\t<p class=\"elementor-heading-title elementor-size-default\"><i class=\"fas fa-hand-holding-heart fa-lg\" style=\"color: #cc9e62\"><\/i><\/p>\t\t\t\t<\/div>\n\t\t\t\t\t<\/div>\n\t\t\t\t<\/div>\n\t\t\t\t<\/div>\n\t\t","protected":false},"excerpt":{"rendered":"<p>GUIDE DU BIENFAITEUR Faire un DON Veuillez verser vos cotisations par un des moyens suivants\u00a0 Pour les Instituts qui ont un compte aupr\u00e8s de l\u2019Istituto per le Opere di Religione (IOR), vous pouvez faire un virement interne, soit sur le compte # 22573-003 (en USD) soit sur le compte # 22573-001 (autres devises). Envoyer un [&hellip;]<\/p>\n","protected":false},"author":1,"featured_media":0,"parent":0,"menu_order":0,"comment_status":"closed","ping_status":"closed","template":"elementor_header_footer","meta":{"footnotes":""},"class_list":["post-2045","page","type-page","status-publish","hentry"],"_links":{"self":[{"href":"https:\/\/www.ifc-tor.org\/fr\/wp-json\/wp\/v2\/pages\/2045","targetHints":{"allow":["GET"]}}],"collection":[{"href":"https:\/\/www.ifc-tor.org\/fr\/wp-json\/wp\/v2\/pages"}],"about":[{"href":"https:\/\/www.ifc-tor.org\/fr\/wp-json\/wp\/v2\/types\/page"}],"author":[{"embeddable":true,"href":"https:\/\/www.ifc-tor.org\/fr\/wp-json\/wp\/v2\/users\/1"}],"replies":[{"embeddable":true,"href":"https:\/\/www.ifc-tor.org\/fr\/wp-json\/wp\/v2\/comments?post=2045"}],"version-history":[{"count":0,"href":"https:\/\/www.ifc-tor.org\/fr\/wp-json\/wp\/v2\/pages\/2045\/revisions"}],"wp:attachment":[{"href":"https:\/\/www.ifc-tor.org\/fr\/wp-json\/wp\/v2\/media?parent=2045"}],"curies":[{"name":"wp","href":"https:\/\/api.w.org\/{rel}","templated":true}]}}