{"id":1909,"date":"2024-04-15T09:00:44","date_gmt":"2024-04-15T08:00:44","guid":{"rendered":"https:\/\/www.ifc-tor.org\/quem-somos\/objetivos\/"},"modified":"2024-09-12T19:57:37","modified_gmt":"2024-09-12T18:57:37","slug":"objetivos","status":"publish","type":"page","link":"https:\/\/www.ifc-tor.org\/pt-br\/quem-somos\/objetivos\/","title":{"rendered":"Objetivos"},"content":{"rendered":"\t\t<div data-elementor-type=\"wp-post\" data-elementor-id=\"1909\" class=\"elementor elementor-1909 elementor-67\" data-elementor-post-type=\"page\">\n\t\t\t\t<div class=\"elementor-element elementor-element-3aa77fb e-flex e-con-boxed e-con e-parent\" data-id=\"3aa77fb\" data-element_type=\"container\" data-e-type=\"container\" data-settings=\"{&quot;background_background&quot;:&quot;classic&quot;}\">\n\t\t\t\t\t<div class=\"e-con-inner\">\n\t\t<div class=\"elementor-element elementor-element-e2b65fb e-con-full e-flex e-con e-child\" data-id=\"e2b65fb\" data-element_type=\"container\" data-e-type=\"container\">\n\t\t\t\t<div class=\"elementor-element elementor-element-f16ef8b elementor-widget elementor-widget-heading\" data-id=\"f16ef8b\" data-element_type=\"widget\" data-e-type=\"widget\" data-widget_type=\"heading.default\">\n\t\t\t\t\t<p class=\"elementor-heading-title elementor-size-default\">QUEM SOMOS<br><\/p>\t\t\t\t<\/div>\n\t\t\t\t<div class=\"elementor-element elementor-element-ce29394 elementor-widget elementor-widget-heading\" data-id=\"ce29394\" data-element_type=\"widget\" data-e-type=\"widget\" data-widget_type=\"heading.default\">\n\t\t\t\t\t<p class=\"elementor-heading-title elementor-size-default\">OBJETIVOS da Confer\u00eancia<\/p>\t\t\t\t<\/div>\n\t\t\t\t<\/div>\n\t\t<div class=\"elementor-element elementor-element-374cee7 e-con-full e-flex e-con e-child\" data-id=\"374cee7\" data-element_type=\"container\" data-e-type=\"container\">\n\t\t\t\t<\/div>\n\t\t\t\t\t<\/div>\n\t\t\t\t<\/div>\n\t\t<div class=\"elementor-element elementor-element-9e4b731 e-flex e-con-boxed e-con e-parent\" data-id=\"9e4b731\" data-element_type=\"container\" data-e-type=\"container\">\n\t\t\t\t\t<div class=\"e-con-inner\">\n\t\t<div class=\"elementor-element elementor-element-06cb9c3 e-con-full e-flex e-con e-child\" data-id=\"06cb9c3\" data-element_type=\"container\" data-e-type=\"container\">\n\t\t\t\t<div class=\"elementor-element elementor-element-64fa251 elementor-widget__width-auto elementor-widget elementor-widget-heading\" data-id=\"64fa251\" data-element_type=\"widget\" data-e-type=\"widget\" data-widget_type=\"heading.default\">\n\t\t\t\t\t<p class=\"elementor-heading-title elementor-size-default\">PROMOVER<\/p>\t\t\t\t<\/div>\n\t\t\t\t<div class=\"elementor-element elementor-element-524845d elementor-widget__width-auto elementor-widget elementor-widget-text-editor\" data-id=\"524845d\" data-element_type=\"widget\" data-e-type=\"widget\" data-widget_type=\"text-editor.default\">\n\t\t\t\t\t\t\t\t\t<p>em cada instituto e tamb\u00e9m nas rela\u00e7\u00f5es junto aos demais institutos da Terceira Ordem Regular no mundo inteiro, uma verdadeira comunh\u00e3o que favore\u00e7a a vida e a espiritualidade franciscana, de acordo com o conceito e o conte\u00fado da Regra e seus valores fundamentais, baseados no Evangelho e segundo os ensinamentos da Igreja.<\/p>\n\t\t\t\t\t\t\t\t<\/div>\n\t\t\t\t<\/div>\n\t\t<div class=\"elementor-element elementor-element-f05ccf6 e-con-full e-flex e-con e-child\" data-id=\"f05ccf6\" data-element_type=\"container\" data-e-type=\"container\">\n\t\t\t\t<div class=\"elementor-element elementor-element-8a2219b elementor-widget__width-auto elementor-widget elementor-widget-heading\" data-id=\"8a2219b\" data-element_type=\"widget\" data-e-type=\"widget\" data-widget_type=\"heading.default\">\n\t\t\t\t\t<p class=\"elementor-heading-title elementor-size-default\">CRIAR<\/p>\t\t\t\t<\/div>\n\t\t\t\t<div class=\"elementor-element elementor-element-6c8519f elementor-widget__width-auto elementor-widget elementor-widget-text-editor\" data-id=\"6c8519f\" data-element_type=\"widget\" data-e-type=\"widget\" data-widget_type=\"text-editor.default\">\n\t\t\t\t\t\t\t\t\te manter a solidariedade entre os institutos atrav\u00e9s de:\n\najuda mutual a nivel espiritual e material, colabora\u00e7\u00e3o apost\u00f3lica, informa\u00e7\u00e3o e comunica\u00e7\u00e3o mutuas, ajuda a nivel de forma\u00e7\u00e3o, particular aten\u00e7\u00e3o aos institutos pouco numerosos ou mais isolados, cria\u00e7\u00e3o e apoio \u00e0s associa\u00e7\u00f5es ou organiza\u00e7\u00f5es franciscanas regionais e nacionais, enquanto estes meios forem requeridos.\t\t\t\t\t\t\t\t<\/div>\n\t\t\t\t<\/div>\n\t\t<div class=\"elementor-element elementor-element-cb1b55f e-con-full e-flex e-con e-child\" data-id=\"cb1b55f\" data-element_type=\"container\" data-e-type=\"container\">\n\t\t\t\t<div class=\"elementor-element elementor-element-ae04f69 elementor-widget__width-auto elementor-widget elementor-widget-heading\" data-id=\"ae04f69\" data-element_type=\"widget\" data-e-type=\"widget\" data-widget_type=\"heading.default\">\n\t\t\t\t\t<p class=\"elementor-heading-title elementor-size-default\">COLABORAR<\/p>\t\t\t\t<\/div>\n\t\t\t\t<div class=\"elementor-element elementor-element-d48bb31 elementor-widget__width-auto elementor-widget elementor-widget-text-editor\" data-id=\"d48bb31\" data-element_type=\"widget\" data-e-type=\"widget\" data-widget_type=\"text-editor.default\">\n\t\t\t\t\t\t\t\t\t<p>com a Primeira e Segunda Ordem e com a Ordem Franciscana Secular.<\/p>\n\t\t\t\t\t\t\t\t<\/div>\n\t\t\t\t<\/div>\n\t\t<div class=\"elementor-element elementor-element-907797c e-con-full e-flex e-con e-child\" data-id=\"907797c\" data-element_type=\"container\" data-e-type=\"container\">\n\t\t\t\t<div class=\"elementor-element elementor-element-067393c elementor-widget__width-auto elementor-widget elementor-widget-heading\" data-id=\"067393c\" data-element_type=\"widget\" data-e-type=\"widget\" data-widget_type=\"heading.default\">\n\t\t\t\t\t<p class=\"elementor-heading-title elementor-size-default\">FAVORECER<\/p>\t\t\t\t<\/div>\n\t\t\t\t<div class=\"elementor-element elementor-element-1b14f9a elementor-widget__width-auto elementor-widget elementor-widget-text-editor\" data-id=\"1b14f9a\" data-element_type=\"widget\" data-e-type=\"widget\" data-widget_type=\"text-editor.default\">\n\t\t\t\t\t\t\t\t\t<p>e difundir os estudos sobre a espiritualidade e a historia franciscana.<\/p>\n\t\t\t\t\t\t\t\t<\/div>\n\t\t\t\t<\/div>\n\t\t<div class=\"elementor-element elementor-element-ce27a32 e-con-full e-flex e-con e-child\" data-id=\"ce27a32\" data-element_type=\"container\" data-e-type=\"container\">\n\t\t\t\t<div class=\"elementor-element elementor-element-65e7c66 elementor-widget__width-auto elementor-widget elementor-widget-heading\" data-id=\"65e7c66\" data-element_type=\"widget\" data-e-type=\"widget\" data-widget_type=\"heading.default\">\n\t\t\t\t\t<p class=\"elementor-heading-title elementor-size-default\">REPRESENTAR<\/p>\t\t\t\t<\/div>\n\t\t\t\t<div class=\"elementor-element elementor-element-9424e32 elementor-widget__width-auto elementor-widget elementor-widget-text-editor\" data-id=\"9424e32\" data-element_type=\"widget\" data-e-type=\"widget\" data-widget_type=\"text-editor.default\">\n\t\t\t\t\t\t\t\t\t<p>os institutos membros da CFI-TOR, para a Igreja, para a fam\u00edlia franciscana, para o mundo.<\/p>\n\t\t\t\t\t\t\t\t<\/div>\n\t\t\t\t<\/div>\n\t\t<div class=\"elementor-element elementor-element-f3aae2f e-con-full e-flex e-con e-child\" data-id=\"f3aae2f\" data-element_type=\"container\" data-e-type=\"container\">\n\t\t\t\t<div class=\"elementor-element elementor-element-628b0f7 elementor-widget__width-auto elementor-widget elementor-widget-heading\" data-id=\"628b0f7\" data-element_type=\"widget\" data-e-type=\"widget\" data-widget_type=\"heading.default\">\n\t\t\t\t\t<p class=\"elementor-heading-title elementor-size-default\">APOIAR<\/p>\t\t\t\t<\/div>\n\t\t\t\t<div class=\"elementor-element elementor-element-3169ea0 elementor-widget__width-auto elementor-widget elementor-widget-text-editor\" data-id=\"3169ea0\" data-element_type=\"widget\" data-e-type=\"widget\" data-widget_type=\"text-editor.default\">\n\t\t\t\t\t\t\t\t\t<p>ou tomar iniciativas orientadas \u00e0 preserva\u00e7\u00e3o dos direitos universais de cada ser humano segundo o Evangelho, velando em modo particular para o respeito da vida, da libertade, da justi\u00e7a, da paz e do meio ambiente.<\/p>\n\t\t\t\t\t\t\t\t<\/div>\n\t\t\t\t<\/div>\n\t\t\t\t\t<\/div>\n\t\t\t\t<\/div>\n\t\t\t\t<\/div>\n\t\t","protected":false},"excerpt":{"rendered":"<p>QUEM SOMOS OBJETIVOS da Confer\u00eancia PROMOVER em cada instituto e tamb\u00e9m nas rela\u00e7\u00f5es junto aos demais institutos da Terceira Ordem Regular no mundo inteiro, uma verdadeira comunh\u00e3o que favore\u00e7a a vida e a espiritualidade franciscana, de acordo com o conceito e o conte\u00fado da Regra e seus valores fundamentais, baseados no Evangelho e segundo os [&hellip;]<\/p>\n","protected":false},"author":1,"featured_media":0,"parent":1908,"menu_order":0,"comment_status":"closed","ping_status":"closed","template":"elementor_header_footer","meta":{"footnotes":""},"class_list":["post-1909","page","type-page","status-publish","hentry"],"_links":{"self":[{"href":"https:\/\/www.ifc-tor.org\/pt-br\/wp-json\/wp\/v2\/pages\/1909","targetHints":{"allow":["GET"]}}],"collection":[{"href":"https:\/\/www.ifc-tor.org\/pt-br\/wp-json\/wp\/v2\/pages"}],"about":[{"href":"https:\/\/www.ifc-tor.org\/pt-br\/wp-json\/wp\/v2\/types\/page"}],"author":[{"embeddable":true,"href":"https:\/\/www.ifc-tor.org\/pt-br\/wp-json\/wp\/v2\/users\/1"}],"replies":[{"embeddable":true,"href":"https:\/\/www.ifc-tor.org\/pt-br\/wp-json\/wp\/v2\/comments?post=1909"}],"version-history":[{"count":0,"href":"https:\/\/www.ifc-tor.org\/pt-br\/wp-json\/wp\/v2\/pages\/1909\/revisions"}],"up":[{"embeddable":true,"href":"https:\/\/www.ifc-tor.org\/pt-br\/wp-json\/wp\/v2\/pages\/1908"}],"wp:attachment":[{"href":"https:\/\/www.ifc-tor.org\/pt-br\/wp-json\/wp\/v2\/media?parent=1909"}],"curies":[{"name":"wp","href":"https:\/\/api.w.org\/{rel}","templated":true}]}}