{"id":1911,"date":"2024-04-15T09:00:58","date_gmt":"2024-04-15T08:00:58","guid":{"rendered":"https:\/\/www.ifc-tor.org\/quem-somos\/conselho-eleito\/"},"modified":"2025-07-22T21:00:14","modified_gmt":"2025-07-22T20:00:14","slug":"conselho","status":"publish","type":"page","link":"https:\/\/www.ifc-tor.org\/pt-br\/quem-somos\/conselho\/","title":{"rendered":"Conselho eleito"},"content":{"rendered":"\t\t<div data-elementor-type=\"wp-post\" data-elementor-id=\"1911\" class=\"elementor elementor-1911 elementor-64\" data-elementor-post-type=\"page\">\n\t\t\t\t<div class=\"elementor-element elementor-element-991deb8 e-flex e-con-boxed e-con e-parent\" data-id=\"991deb8\" data-element_type=\"container\" data-e-type=\"container\" data-settings=\"{&quot;background_background&quot;:&quot;classic&quot;}\">\n\t\t\t\t\t<div class=\"e-con-inner\">\n\t\t<div class=\"elementor-element elementor-element-c23026e e-con-full e-flex e-con e-child\" data-id=\"c23026e\" data-element_type=\"container\" data-e-type=\"container\">\n\t\t\t\t<div class=\"elementor-element elementor-element-de139d5 elementor-widget elementor-widget-heading\" data-id=\"de139d5\" data-element_type=\"widget\" data-e-type=\"widget\" data-widget_type=\"heading.default\">\n\t\t\t\t\t<p class=\"elementor-heading-title elementor-size-default\">QUEM SOMOS<\/p>\t\t\t\t<\/div>\n\t\t\t\t<div class=\"elementor-element elementor-element-e6ceede elementor-widget elementor-widget-heading\" data-id=\"e6ceede\" data-element_type=\"widget\" data-e-type=\"widget\" data-widget_type=\"heading.default\">\n\t\t\t\t\t<p class=\"elementor-heading-title elementor-size-default\">Membros do CONSELHO<\/p>\t\t\t\t<\/div>\n\t\t\t\t<\/div>\n\t\t<div class=\"elementor-element elementor-element-b46955b e-con-full e-flex e-con e-child\" data-id=\"b46955b\" data-element_type=\"container\" data-e-type=\"container\">\n\t\t\t\t<div class=\"elementor-element elementor-element-bda923c elementor-toc--minimized-on-tablet elementor-widget elementor-widget-table-of-contents\" data-id=\"bda923c\" data-element_type=\"widget\" data-e-type=\"widget\" data-settings=\"{&quot;exclude_headings_by_selector&quot;:[],&quot;headings_by_tags&quot;:[&quot;h2&quot;],&quot;marker_view&quot;:&quot;bullets&quot;,&quot;icon&quot;:{&quot;value&quot;:&quot;fas fa-angle-right&quot;,&quot;library&quot;:&quot;fa-solid&quot;,&quot;rendered_tag&quot;:&quot;&lt;svg class=\\&quot;e-font-icon-svg e-fas-angle-right\\&quot; viewBox=\\&quot;0 0 256 512\\&quot; xmlns=\\&quot;http:\\\/\\\/www.w3.org\\\/2000\\\/svg\\&quot;&gt;&lt;path d=\\&quot;M224.3 273l-136 136c-9.4 9.4-24.6 9.4-33.9 0l-22.6-22.6c-9.4-9.4-9.4-24.6 0-33.9l96.4-96.4-96.4-96.4c-9.4-9.4-9.4-24.6 0-33.9L54.3 103c9.4-9.4 24.6-9.4 33.9 0l136 136c9.5 9.4 9.5 24.6.1 34z\\&quot;&gt;&lt;\\\/path&gt;&lt;\\\/svg&gt;&quot;},&quot;no_headings_message&quot;:&quot;N\\u00e3o foram encontrados cabe\\u00e7alhos nesta p\\u00e1gina.&quot;,&quot;minimize_box&quot;:&quot;yes&quot;,&quot;minimized_on&quot;:&quot;tablet&quot;,&quot;hierarchical_view&quot;:&quot;yes&quot;,&quot;min_height&quot;:{&quot;unit&quot;:&quot;px&quot;,&quot;size&quot;:&quot;&quot;,&quot;sizes&quot;:[]},&quot;min_height_tablet&quot;:{&quot;unit&quot;:&quot;px&quot;,&quot;size&quot;:&quot;&quot;,&quot;sizes&quot;:[]},&quot;min_height_mobile&quot;:{&quot;unit&quot;:&quot;px&quot;,&quot;size&quot;:&quot;&quot;,&quot;sizes&quot;:[]}}\" data-widget_type=\"table-of-contents.default\">\n\t\t\t\t\t\t\t\t\t<div class=\"elementor-toc__header\">\n\t\t\t\t\t\t\t\t\t\t<div class=\"elementor-toc__toggle-button elementor-toc__toggle-button--expand\" role=\"button\" tabindex=\"0\" aria-controls=\"elementor-toc__bda923c\" aria-expanded=\"true\" aria-label=\"Abrir Tabela de Conte\u00fados\"><svg aria-hidden=\"true\" class=\"e-font-icon-svg e-fas-chevron-down\" viewBox=\"0 0 448 512\" xmlns=\"http:\/\/www.w3.org\/2000\/svg\"><path d=\"M207.029 381.476L12.686 187.132c-9.373-9.373-9.373-24.569 0-33.941l22.667-22.667c9.357-9.357 24.522-9.375 33.901-.04L224 284.505l154.745-154.021c9.379-9.335 24.544-9.317 33.901.04l22.667 22.667c9.373 9.373 9.373 24.569 0 33.941L240.971 381.476c-9.373 9.372-24.569 9.372-33.942 0z\"><\/path><\/svg><\/div>\n\t\t\t\t<div class=\"elementor-toc__toggle-button elementor-toc__toggle-button--collapse\" role=\"button\" tabindex=\"0\" aria-controls=\"elementor-toc__bda923c\" aria-expanded=\"true\" aria-label=\"Fechar Tabela de Conte\u00fados\"><svg aria-hidden=\"true\" class=\"e-font-icon-svg e-fas-chevron-up\" viewBox=\"0 0 448 512\" xmlns=\"http:\/\/www.w3.org\/2000\/svg\"><path d=\"M240.971 130.524l194.343 194.343c9.373 9.373 9.373 24.569 0 33.941l-22.667 22.667c-9.357 9.357-24.522 9.375-33.901.04L224 227.495 69.255 381.516c-9.379 9.335-24.544 9.317-33.901-.04l-22.667-22.667c-9.373-9.373-9.373-24.569 0-33.941L207.03 130.525c9.372-9.373 24.568-9.373 33.941-.001z\"><\/path><\/svg><\/div>\n\t\t\t\t\t<\/div>\n\t\t\t\t<div id=\"elementor-toc__bda923c\" class=\"elementor-toc__body\">\n\t\t\t<div class=\"elementor-toc__spinner-container\">\n\t\t\t\t<svg class=\"elementor-toc__spinner eicon-animation-spin e-font-icon-svg e-eicon-loading\" aria-hidden=\"true\" viewBox=\"0 0 1000 1000\" xmlns=\"http:\/\/www.w3.org\/2000\/svg\"><path d=\"M500 975V858C696 858 858 696 858 500S696 142 500 142 142 304 142 500H25C25 237 238 25 500 25S975 237 975 500 763 975 500 975Z\"><\/path><\/svg>\t\t\t<\/div>\n\t\t<\/div>\n\t\t\t\t\t\t<\/div>\n\t\t\t\t<\/div>\n\t\t\t\t\t<\/div>\n\t\t\t\t<\/div>\n\t\t<div class=\"elementor-element elementor-element-ed94358 e-flex e-con-boxed e-con e-parent\" data-id=\"ed94358\" data-element_type=\"container\" data-e-type=\"container\">\n\t\t\t\t\t<div class=\"e-con-inner\">\n\t\t\t\t<div class=\"elementor-element elementor-element-22c6a62 elementor-widget elementor-widget-heading\" data-id=\"22c6a62\" data-element_type=\"widget\" data-e-type=\"widget\" data-widget_type=\"heading.default\">\n\t\t\t\t\t<h2 class=\"elementor-heading-title elementor-size-default\">Presidente<\/h2>\t\t\t\t<\/div>\n\t\t\t\t\t<\/div>\n\t\t\t\t<\/div>\n\t\t<div class=\"elementor-element elementor-element-afa3425 e-flex e-con-boxed e-con e-parent\" data-id=\"afa3425\" data-element_type=\"container\" data-e-type=\"container\">\n\t\t\t\t\t<div class=\"e-con-inner\">\n\t\t<div class=\"elementor-element elementor-element-1a908de e-con-full e-flex e-con e-child\" data-id=\"1a908de\" data-element_type=\"container\" data-e-type=\"container\">\n\t\t\t\t<\/div>\n\t\t<div class=\"elementor-element elementor-element-8143d24 e-con-full e-flex e-con e-child\" data-id=\"8143d24\" data-element_type=\"container\" data-e-type=\"container\">\n\t\t\t\t<\/div>\n\t\t<div class=\"elementor-element elementor-element-5b66ac3 e-con-full e-flex e-con e-child\" data-id=\"5b66ac3\" data-element_type=\"container\" data-e-type=\"container\">\n\t\t\t\t<div class=\"elementor-element elementor-element-629ce37 elementor-widget elementor-widget-image\" data-id=\"629ce37\" data-element_type=\"widget\" data-e-type=\"widget\" data-widget_type=\"image.default\">\n\t\t\t\t\t\t\t\t\t\t\t\t\t\t\t<img fetchpriority=\"high\" decoding=\"async\" width=\"450\" height=\"600\" src=\"https:\/\/www.ifc-tor.org\/wp-content\/uploads\/img-abo-council-2025-sr-daisy-ifc-tor.webp\" class=\"attachment-large size-large wp-image-7902\" alt=\"\" srcset=\"https:\/\/www.ifc-tor.org\/wp-content\/uploads\/img-abo-council-2025-sr-daisy-ifc-tor.webp 450w, https:\/\/www.ifc-tor.org\/wp-content\/uploads\/img-abo-council-2025-sr-daisy-ifc-tor-225x300.webp 225w, https:\/\/www.ifc-tor.org\/wp-content\/uploads\/img-abo-council-2025-sr-daisy-ifc-tor-113x150.webp 113w\" sizes=\"(max-width: 450px) 100vw, 450px\" \/>\t\t\t\t\t\t\t\t\t\t\t\t\t\t\t<\/div>\n\t\t\t\t<div class=\"elementor-element elementor-element-1186778 elementor-widget elementor-widget-heading\" data-id=\"1186778\" data-element_type=\"widget\" data-e-type=\"widget\" data-widget_type=\"heading.default\">\n\t\t\t\t\t<p class=\"elementor-heading-title elementor-size-default\">Irm\u00e3 Daisy KALAMPARAMBAN (\u00cdndia)<\/p>\t\t\t\t<\/div>\n\t\t\t\t<div class=\"elementor-element elementor-element-1c0a6d2 elementor-widget elementor-widget-heading\" data-id=\"1c0a6d2\" data-element_type=\"widget\" data-e-type=\"widget\" data-widget_type=\"heading.default\">\n\t\t\t\t\t<p class=\"elementor-heading-title elementor-size-default\">Servas Franciscanas do Bom Pastor<\/p>\t\t\t\t<\/div>\n\t\t\t\t<\/div>\n\t\t<div class=\"elementor-element elementor-element-2d97017 e-con-full e-flex e-con e-child\" data-id=\"2d97017\" data-element_type=\"container\" data-e-type=\"container\">\n\t\t\t\t<\/div>\n\t\t<div class=\"elementor-element elementor-element-9d48225 e-con-full e-flex e-con e-child\" data-id=\"9d48225\" data-element_type=\"container\" data-e-type=\"container\">\n\t\t\t\t<\/div>\n\t\t\t\t\t<\/div>\n\t\t\t\t<\/div>\n\t\t<div class=\"elementor-element elementor-element-6bb1b44 e-flex e-con-boxed e-con e-parent\" data-id=\"6bb1b44\" data-element_type=\"container\" data-e-type=\"container\">\n\t\t\t\t\t<div class=\"e-con-inner\">\n\t\t\t\t<div class=\"elementor-element elementor-element-188b70e elementor-widget elementor-widget-heading\" data-id=\"188b70e\" data-element_type=\"widget\" data-e-type=\"widget\" data-widget_type=\"heading.default\">\n\t\t\t\t\t<h2 class=\"elementor-heading-title elementor-size-default\">Conselheiros<\/h2>\t\t\t\t<\/div>\n\t\t\t\t\t<\/div>\n\t\t\t\t<\/div>\n\t\t<div class=\"elementor-element elementor-element-78bb670 e-flex e-con-boxed e-con e-parent\" data-id=\"78bb670\" data-element_type=\"container\" data-e-type=\"container\">\n\t\t\t\t\t<div class=\"e-con-inner\">\n\t\t<div class=\"elementor-element elementor-element-e8406e6 e-con-full e-flex e-con e-child\" data-id=\"e8406e6\" data-element_type=\"container\" data-e-type=\"container\">\n\t\t\t\t<div class=\"elementor-element elementor-element-974851d elementor-widget elementor-widget-image\" data-id=\"974851d\" data-element_type=\"widget\" data-e-type=\"widget\" data-widget_type=\"image.default\">\n\t\t\t\t\t\t\t\t\t\t\t\t\t\t\t<img decoding=\"async\" width=\"450\" height=\"600\" src=\"https:\/\/www.ifc-tor.org\/wp-content\/uploads\/img-abo-council-2025-sr-lorella-ifc-tor.webp\" class=\"attachment-large size-large wp-image-7914\" alt=\"\" srcset=\"https:\/\/www.ifc-tor.org\/wp-content\/uploads\/img-abo-council-2025-sr-lorella-ifc-tor.webp 450w, https:\/\/www.ifc-tor.org\/wp-content\/uploads\/img-abo-council-2025-sr-lorella-ifc-tor-225x300.webp 225w, https:\/\/www.ifc-tor.org\/wp-content\/uploads\/img-abo-council-2025-sr-lorella-ifc-tor-113x150.webp 113w\" sizes=\"(max-width: 450px) 100vw, 450px\" \/>\t\t\t\t\t\t\t\t\t\t\t\t\t\t\t<\/div>\n\t\t\t\t<div class=\"elementor-element elementor-element-2297dff elementor-widget elementor-widget-heading\" data-id=\"2297dff\" data-element_type=\"widget\" data-e-type=\"widget\" data-widget_type=\"heading.default\">\n\t\t\t\t\t<p class=\"elementor-heading-title elementor-size-default\">Irm\u00e3 Lorella CHIARUZZI \u00b7 Vice-presidente (It\u00e1lia)<\/p>\t\t\t\t<\/div>\n\t\t\t\t<div class=\"elementor-element elementor-element-9e06dfc elementor-widget elementor-widget-heading\" data-id=\"9e06dfc\" data-element_type=\"widget\" data-e-type=\"widget\" data-widget_type=\"heading.default\">\n\t\t\t\t\t<p class=\"elementor-heading-title elementor-size-default\">Franciscanas Mission\u00e1rias de Cristo<\/p>\t\t\t\t<\/div>\n\t\t\t\t<\/div>\n\t\t<div class=\"elementor-element elementor-element-fb66d6c e-con-full e-flex e-con e-child\" data-id=\"fb66d6c\" data-element_type=\"container\" data-e-type=\"container\">\n\t\t\t\t<div class=\"elementor-element elementor-element-94eb8b0 elementor-widget elementor-widget-image\" data-id=\"94eb8b0\" data-element_type=\"widget\" data-e-type=\"widget\" data-widget_type=\"image.default\">\n\t\t\t\t\t\t\t\t\t\t\t\t\t\t\t<img decoding=\"async\" width=\"450\" height=\"600\" src=\"https:\/\/www.ifc-tor.org\/wp-content\/uploads\/img-abo-council-2025-sr-pacyfika-ifc-tor.webp\" class=\"attachment-large size-large wp-image-7926\" alt=\"\" srcset=\"https:\/\/www.ifc-tor.org\/wp-content\/uploads\/img-abo-council-2025-sr-pacyfika-ifc-tor.webp 450w, https:\/\/www.ifc-tor.org\/wp-content\/uploads\/img-abo-council-2025-sr-pacyfika-ifc-tor-225x300.webp 225w, https:\/\/www.ifc-tor.org\/wp-content\/uploads\/img-abo-council-2025-sr-pacyfika-ifc-tor-113x150.webp 113w\" sizes=\"(max-width: 450px) 100vw, 450px\" \/>\t\t\t\t\t\t\t\t\t\t\t\t\t\t\t<\/div>\n\t\t\t\t<div class=\"elementor-element elementor-element-fa99ca8 elementor-widget elementor-widget-heading\" data-id=\"fa99ca8\" data-element_type=\"widget\" data-e-type=\"widget\" data-widget_type=\"heading.default\">\n\t\t\t\t\t<p class=\"elementor-heading-title elementor-size-default\">Irm\u00e3 Pacyfika LEMAN (Pol\u00f4nia)<\/p>\t\t\t\t<\/div>\n\t\t\t\t<div class=\"elementor-element elementor-element-ac31880 elementor-widget elementor-widget-heading\" data-id=\"ac31880\" data-element_type=\"widget\" data-e-type=\"widget\" data-widget_type=\"heading.default\">\n\t\t\t\t\t<p class=\"elementor-heading-title elementor-size-default\">Irm\u00e3s de S\u00e3o Francisco da Penit\u00eancia e Caridade Crist\u00e3 e Caridade Crist\u00e3<\/p>\t\t\t\t<\/div>\n\t\t\t\t<\/div>\n\t\t<div class=\"elementor-element elementor-element-0a99bc8 e-con-full e-flex e-con e-child\" data-id=\"0a99bc8\" data-element_type=\"container\" data-e-type=\"container\">\n\t\t\t\t<div class=\"elementor-element elementor-element-1c57d0f elementor-widget elementor-widget-image\" data-id=\"1c57d0f\" data-element_type=\"widget\" data-e-type=\"widget\" data-widget_type=\"image.default\">\n\t\t\t\t\t\t\t\t\t\t\t\t\t\t\t<img loading=\"lazy\" decoding=\"async\" width=\"450\" height=\"600\" src=\"https:\/\/www.ifc-tor.org\/wp-content\/uploads\/img-abo-council-2025-sr-georgette-ifc-tor.webp\" class=\"attachment-large size-large wp-image-7908\" alt=\"\" srcset=\"https:\/\/www.ifc-tor.org\/wp-content\/uploads\/img-abo-council-2025-sr-georgette-ifc-tor.webp 450w, https:\/\/www.ifc-tor.org\/wp-content\/uploads\/img-abo-council-2025-sr-georgette-ifc-tor-225x300.webp 225w, https:\/\/www.ifc-tor.org\/wp-content\/uploads\/img-abo-council-2025-sr-georgette-ifc-tor-113x150.webp 113w\" sizes=\"(max-width: 450px) 100vw, 450px\" \/>\t\t\t\t\t\t\t\t\t\t\t\t\t\t\t<\/div>\n\t\t\t\t<div class=\"elementor-element elementor-element-2f57166 elementor-widget elementor-widget-heading\" data-id=\"2f57166\" data-element_type=\"widget\" data-e-type=\"widget\" data-widget_type=\"heading.default\">\n\t\t\t\t\t<p class=\"elementor-heading-title elementor-size-default\">Irm\u00e3 Georgette NGOM (Senegal)<\/p>\t\t\t\t<\/div>\n\t\t\t\t<div class=\"elementor-element elementor-element-884e4bd elementor-widget elementor-widget-heading\" data-id=\"884e4bd\" data-element_type=\"widget\" data-e-type=\"widget\" data-widget_type=\"heading.default\">\n\t\t\t\t\t<p class=\"elementor-heading-title elementor-size-default\">Franciscanas Mission\u00e1rias de Maria<\/p>\t\t\t\t<\/div>\n\t\t\t\t<\/div>\n\t\t<div class=\"elementor-element elementor-element-b853ce1 e-con-full e-flex e-con e-child\" data-id=\"b853ce1\" data-element_type=\"container\" data-e-type=\"container\">\n\t\t\t\t<div class=\"elementor-element elementor-element-5f7b61f elementor-widget elementor-widget-image\" data-id=\"5f7b61f\" data-element_type=\"widget\" data-e-type=\"widget\" data-widget_type=\"image.default\">\n\t\t\t\t\t\t\t\t\t\t\t\t\t\t\t<img loading=\"lazy\" decoding=\"async\" width=\"450\" height=\"600\" src=\"https:\/\/www.ifc-tor.org\/wp-content\/uploads\/img-abo-council-2025-sr-rute-ifc-tor.webp\" class=\"attachment-large size-large wp-image-7932\" alt=\"\" srcset=\"https:\/\/www.ifc-tor.org\/wp-content\/uploads\/img-abo-council-2025-sr-rute-ifc-tor.webp 450w, https:\/\/www.ifc-tor.org\/wp-content\/uploads\/img-abo-council-2025-sr-rute-ifc-tor-225x300.webp 225w, https:\/\/www.ifc-tor.org\/wp-content\/uploads\/img-abo-council-2025-sr-rute-ifc-tor-113x150.webp 113w\" sizes=\"(max-width: 450px) 100vw, 450px\" \/>\t\t\t\t\t\t\t\t\t\t\t\t\t\t\t<\/div>\n\t\t\t\t<div class=\"elementor-element elementor-element-734b5c5 elementor-widget elementor-widget-heading\" data-id=\"734b5c5\" data-element_type=\"widget\" data-e-type=\"widget\" data-widget_type=\"heading.default\">\n\t\t\t\t\t<p class=\"elementor-heading-title elementor-size-default\">Irm\u00e3 Rute Almeida GUIMAR\u00c3ES (Brasil)<\/p>\t\t\t\t<\/div>\n\t\t\t\t<div class=\"elementor-element elementor-element-b1600fc elementor-widget elementor-widget-heading\" data-id=\"b1600fc\" data-element_type=\"widget\" data-e-type=\"widget\" data-widget_type=\"heading.default\">\n\t\t\t\t\t<p class=\"elementor-heading-title elementor-size-default\">Irm\u00e3s Franciscanas da Provid\u00eancia de Deus<\/p>\t\t\t\t<\/div>\n\t\t\t\t<\/div>\n\t\t<div class=\"elementor-element elementor-element-7a82c3c e-con-full e-flex e-con e-child\" data-id=\"7a82c3c\" data-element_type=\"container\" data-e-type=\"container\">\n\t\t\t\t<div class=\"elementor-element elementor-element-7d6dd13 elementor-widget elementor-widget-image\" data-id=\"7d6dd13\" data-element_type=\"widget\" data-e-type=\"widget\" data-widget_type=\"image.default\">\n\t\t\t\t\t\t\t\t\t\t\t\t\t\t\t<img loading=\"lazy\" decoding=\"async\" width=\"450\" height=\"600\" src=\"https:\/\/www.ifc-tor.org\/wp-content\/uploads\/img-abo-council-2025-sr-mary-ifc-tor.webp\" class=\"attachment-large size-large wp-image-7920\" alt=\"\" srcset=\"https:\/\/www.ifc-tor.org\/wp-content\/uploads\/img-abo-council-2025-sr-mary-ifc-tor.webp 450w, https:\/\/www.ifc-tor.org\/wp-content\/uploads\/img-abo-council-2025-sr-mary-ifc-tor-225x300.webp 225w, https:\/\/www.ifc-tor.org\/wp-content\/uploads\/img-abo-council-2025-sr-mary-ifc-tor-113x150.webp 113w\" sizes=\"(max-width: 450px) 100vw, 450px\" \/>\t\t\t\t\t\t\t\t\t\t\t\t\t\t\t<\/div>\n\t\t\t\t<div class=\"elementor-element elementor-element-171244d elementor-widget elementor-widget-heading\" data-id=\"171244d\" data-element_type=\"widget\" data-e-type=\"widget\" data-widget_type=\"heading.default\">\n\t\t\t\t\t<p class=\"elementor-heading-title elementor-size-default\">Irm\u00e3 Mary Elizabeth IMLER (EUA)<\/p>\t\t\t\t<\/div>\n\t\t\t\t<div class=\"elementor-element elementor-element-ee540ba elementor-widget elementor-widget-heading\" data-id=\"ee540ba\" data-element_type=\"widget\" data-e-type=\"widget\" data-widget_type=\"heading.default\">\n\t\t\t\t\t<p class=\"elementor-heading-title elementor-size-default\">Irm\u00e3s Franciscanas do Sagrado Cora\u00e7\u00e3o<\/p>\t\t\t\t<\/div>\n\t\t\t\t<\/div>\n\t\t\t\t\t<\/div>\n\t\t\t\t<\/div>\n\t\t<div class=\"elementor-element elementor-element-f39c4e3 e-flex e-con-boxed e-con e-parent\" data-id=\"f39c4e3\" data-element_type=\"container\" data-e-type=\"container\">\n\t\t\t\t\t<div class=\"e-con-inner\">\n\t\t\t\t<div class=\"elementor-element elementor-element-b6d6f59 elementor-widget elementor-widget-heading\" data-id=\"b6d6f59\" data-element_type=\"widget\" data-e-type=\"widget\" data-widget_type=\"heading.default\">\n\t\t\t\t\t<h2 class=\"elementor-heading-title elementor-size-default\">Equipe de gest\u00e3o<\/h2>\t\t\t\t<\/div>\n\t\t\t\t\t<\/div>\n\t\t\t\t<\/div>\n\t\t<div class=\"elementor-element elementor-element-c39b713 e-flex e-con-boxed e-con e-parent\" data-id=\"c39b713\" data-element_type=\"container\" data-e-type=\"container\">\n\t\t\t\t\t<div class=\"e-con-inner\">\n\t\t<div class=\"elementor-element elementor-element-e5a20ef e-con-full e-flex e-con e-child\" data-id=\"e5a20ef\" data-element_type=\"container\" data-e-type=\"container\">\n\t\t\t\t<\/div>\n\t\t<div class=\"elementor-element elementor-element-7914908 e-con-full e-flex e-con e-child\" data-id=\"7914908\" data-element_type=\"container\" data-e-type=\"container\">\n\t\t\t\t<div class=\"elementor-element elementor-element-b51d5c9 elementor-widget elementor-widget-heading\" data-id=\"b51d5c9\" data-element_type=\"widget\" data-e-type=\"widget\" data-widget_type=\"heading.default\">\n\t\t\t\t\t<p class=\"elementor-heading-title elementor-size-default\">Sra. Emanuela MICELI<\/p>\t\t\t\t<\/div>\n\t\t\t\t<div class=\"elementor-element elementor-element-0ef1039 elementor-widget elementor-widget-heading\" data-id=\"0ef1039\" data-element_type=\"widget\" data-e-type=\"widget\" data-widget_type=\"heading.default\">\n\t\t\t\t\t<p class=\"elementor-heading-title elementor-size-default\">Diretora executiva<\/p>\t\t\t\t<\/div>\n\t\t\t\t<div class=\"elementor-element elementor-element-52cdd38 elementor-icon-list--layout-inline elementor-list-item-link-inline elementor-align-center elementor-widget elementor-widget-icon-list\" data-id=\"52cdd38\" data-element_type=\"widget\" data-e-type=\"widget\" data-widget_type=\"icon-list.default\">\n\t\t\t\t\t\t\t<ul class=\"elementor-icon-list-items elementor-inline-items\">\n\t\t\t\t\t\t\t<li class=\"elementor-icon-list-item elementor-inline-item\">\n\t\t\t\t\t\t\t\t\t\t\t<span class=\"elementor-icon-list-icon\">\n\t\t\t\t\t\t\t<svg aria-hidden=\"true\" class=\"e-font-icon-svg e-far-envelope\" viewBox=\"0 0 512 512\" xmlns=\"http:\/\/www.w3.org\/2000\/svg\"><path d=\"M464 64H48C21.49 64 0 85.49 0 112v288c0 26.51 21.49 48 48 48h416c26.51 0 48-21.49 48-48V112c0-26.51-21.49-48-48-48zm0 48v40.805c-22.422 18.259-58.168 46.651-134.587 106.49-16.841 13.247-50.201 45.072-73.413 44.701-23.208.375-56.579-31.459-73.413-44.701C106.18 199.465 70.425 171.067 48 152.805V112h416zM48 400V214.398c22.914 18.251 55.409 43.862 104.938 82.646 21.857 17.205 60.134 55.186 103.062 54.955 42.717.231 80.509-37.199 103.053-54.947 49.528-38.783 82.032-64.401 104.947-82.653V400H48z\"><\/path><\/svg>\t\t\t\t\t\t<\/span>\n\t\t\t\t\t\t\t\t\t\t<span class=\"elementor-icon-list-text\">secretary@ifc-tor.org<\/span>\n\t\t\t\t\t\t\t\t\t<\/li>\n\t\t\t\t\t\t<\/ul>\n\t\t\t\t\t\t<\/div>\n\t\t\t\t<\/div>\n\t\t<div class=\"elementor-element elementor-element-10f8484 e-con-full e-flex e-con e-child\" data-id=\"10f8484\" data-element_type=\"container\" data-e-type=\"container\">\n\t\t\t\t<div class=\"elementor-element elementor-element-0c432b7 elementor-widget elementor-widget-heading\" data-id=\"0c432b7\" data-element_type=\"widget\" data-e-type=\"widget\" data-widget_type=\"heading.default\">\n\t\t\t\t\t<p class=\"elementor-heading-title elementor-size-default\">Irm\u00e3 Elisa DI LORENZO<\/p>\t\t\t\t<\/div>\n\t\t\t\t<div class=\"elementor-element elementor-element-f75ffbb elementor-widget elementor-widget-heading\" data-id=\"f75ffbb\" data-element_type=\"widget\" data-e-type=\"widget\" data-widget_type=\"heading.default\">\n\t\t\t\t\t<p class=\"elementor-heading-title elementor-size-default\">Ec\u00f4noma<\/p>\t\t\t\t<\/div>\n\t\t\t\t<div class=\"elementor-element elementor-element-cc2c6d4 elementor-icon-list--layout-inline elementor-list-item-link-inline elementor-align-center elementor-widget elementor-widget-icon-list\" data-id=\"cc2c6d4\" data-element_type=\"widget\" data-e-type=\"widget\" data-widget_type=\"icon-list.default\">\n\t\t\t\t\t\t\t<ul class=\"elementor-icon-list-items elementor-inline-items\">\n\t\t\t\t\t\t\t<li class=\"elementor-icon-list-item elementor-inline-item\">\n\t\t\t\t\t\t\t\t\t\t\t<span class=\"elementor-icon-list-icon\">\n\t\t\t\t\t\t\t<svg aria-hidden=\"true\" class=\"e-font-icon-svg e-far-envelope\" viewBox=\"0 0 512 512\" xmlns=\"http:\/\/www.w3.org\/2000\/svg\"><path d=\"M464 64H48C21.49 64 0 85.49 0 112v288c0 26.51 21.49 48 48 48h416c26.51 0 48-21.49 48-48V112c0-26.51-21.49-48-48-48zm0 48v40.805c-22.422 18.259-58.168 46.651-134.587 106.49-16.841 13.247-50.201 45.072-73.413 44.701-23.208.375-56.579-31.459-73.413-44.701C106.18 199.465 70.425 171.067 48 152.805V112h416zM48 400V214.398c22.914 18.251 55.409 43.862 104.938 82.646 21.857 17.205 60.134 55.186 103.062 54.955 42.717.231 80.509-37.199 103.053-54.947 49.528-38.783 82.032-64.401 104.947-82.653V400H48z\"><\/path><\/svg>\t\t\t\t\t\t<\/span>\n\t\t\t\t\t\t\t\t\t\t<span class=\"elementor-icon-list-text\">treasurer@ifc-tor.org<\/span>\n\t\t\t\t\t\t\t\t\t<\/li>\n\t\t\t\t\t\t<\/ul>\n\t\t\t\t\t\t<\/div>\n\t\t\t\t<\/div>\n\t\t<div class=\"elementor-element elementor-element-5a11c3e e-con-full e-flex e-con e-child\" data-id=\"5a11c3e\" data-element_type=\"container\" data-e-type=\"container\">\n\t\t\t\t<\/div>\n\t\t\t\t\t<\/div>\n\t\t\t\t<\/div>\n\t\t\t\t<\/div>\n\t\t","protected":false},"excerpt":{"rendered":"<p>QUEM SOMOS Membros do CONSELHO Presidente Irm\u00e3 Daisy KALAMPARAMBAN (\u00cdndia) Servas Franciscanas do Bom Pastor Conselheiros Irm\u00e3 Lorella CHIARUZZI \u00b7 Vice-presidente (It\u00e1lia) Franciscanas Mission\u00e1rias de Cristo Irm\u00e3 Pacyfika LEMAN (Pol\u00f4nia) Irm\u00e3s de S\u00e3o Francisco da Penit\u00eancia e Caridade Crist\u00e3 e Caridade Crist\u00e3 Irm\u00e3 Georgette NGOM (Senegal) Franciscanas Mission\u00e1rias de Maria Irm\u00e3 Rute Almeida GUIMAR\u00c3ES (Brasil) [&hellip;]<\/p>\n","protected":false},"author":1,"featured_media":0,"parent":1908,"menu_order":0,"comment_status":"closed","ping_status":"closed","template":"elementor_header_footer","meta":{"footnotes":""},"class_list":["post-1911","page","type-page","status-publish","hentry"],"_links":{"self":[{"href":"https:\/\/www.ifc-tor.org\/pt-br\/wp-json\/wp\/v2\/pages\/1911","targetHints":{"allow":["GET"]}}],"collection":[{"href":"https:\/\/www.ifc-tor.org\/pt-br\/wp-json\/wp\/v2\/pages"}],"about":[{"href":"https:\/\/www.ifc-tor.org\/pt-br\/wp-json\/wp\/v2\/types\/page"}],"author":[{"embeddable":true,"href":"https:\/\/www.ifc-tor.org\/pt-br\/wp-json\/wp\/v2\/users\/1"}],"replies":[{"embeddable":true,"href":"https:\/\/www.ifc-tor.org\/pt-br\/wp-json\/wp\/v2\/comments?post=1911"}],"version-history":[{"count":0,"href":"https:\/\/www.ifc-tor.org\/pt-br\/wp-json\/wp\/v2\/pages\/1911\/revisions"}],"up":[{"embeddable":true,"href":"https:\/\/www.ifc-tor.org\/pt-br\/wp-json\/wp\/v2\/pages\/1908"}],"wp:attachment":[{"href":"https:\/\/www.ifc-tor.org\/pt-br\/wp-json\/wp\/v2\/media?parent=1911"}],"curies":[{"name":"wp","href":"https:\/\/api.w.org\/{rel}","templated":true}]}}