{"id":1948,"date":"2024-04-15T09:00:48","date_gmt":"2024-04-15T08:00:48","guid":{"rendered":"https:\/\/www.ifc-tor.org\/doacoes\/"},"modified":"2024-10-04T08:18:04","modified_gmt":"2024-10-04T07:18:04","slug":"doar","status":"publish","type":"page","link":"https:\/\/www.ifc-tor.org\/pt-br\/doar\/","title":{"rendered":"Doar"},"content":{"rendered":"\t\t<div data-elementor-type=\"wp-post\" data-elementor-id=\"1948\" class=\"elementor elementor-1948 elementor-93\" data-elementor-post-type=\"page\">\n\t\t\t\t<div class=\"elementor-element elementor-element-b526b3c e-flex e-con-boxed e-con e-parent\" data-id=\"b526b3c\" data-element_type=\"container\" data-e-type=\"container\" data-settings=\"{&quot;background_background&quot;:&quot;classic&quot;}\">\n\t\t\t\t\t<div class=\"e-con-inner\">\n\t\t<div class=\"elementor-element elementor-element-279dbc1 e-con-full e-flex e-con e-child\" data-id=\"279dbc1\" data-element_type=\"container\" data-e-type=\"container\">\n\t\t\t\t<div class=\"elementor-element elementor-element-51b853a elementor-widget elementor-widget-heading\" data-id=\"51b853a\" data-element_type=\"widget\" data-e-type=\"widget\" data-widget_type=\"heading.default\">\n\t\t\t\t\t<p class=\"elementor-heading-title elementor-size-default\">GUIA DO BENFEITOR<\/p>\t\t\t\t<\/div>\n\t\t\t\t<div class=\"elementor-element elementor-element-1d11fa8 elementor-widget elementor-widget-heading\" data-id=\"1d11fa8\" data-element_type=\"widget\" data-e-type=\"widget\" data-widget_type=\"heading.default\">\n\t\t\t\t\t<p class=\"elementor-heading-title elementor-size-default\">Fa\u00e7a uma DOA\u00c7\u00c3O<\/p>\t\t\t\t<\/div>\n\t\t\t\t<\/div>\n\t\t<div class=\"elementor-element elementor-element-bdbed9d e-con-full e-flex e-con e-child\" data-id=\"bdbed9d\" data-element_type=\"container\" data-e-type=\"container\">\n\t\t\t\t<\/div>\n\t\t\t\t\t<\/div>\n\t\t\t\t<\/div>\n\t\t<div class=\"elementor-element elementor-element-f00e725 e-flex e-con-boxed e-con e-parent\" data-id=\"f00e725\" data-element_type=\"container\" data-e-type=\"container\">\n\t\t\t\t\t<div class=\"e-con-inner\">\n\t\t\t\t<div class=\"elementor-element elementor-element-5de6336 elementor-widget__width-auto elementor-widget elementor-widget-heading\" data-id=\"5de6336\" data-element_type=\"widget\" data-e-type=\"widget\" data-widget_type=\"heading.default\">\n\t\t\t\t\t<p class=\"elementor-heading-title elementor-size-default\">Por favor, use um dos seguintes meios para fazer as contribui\u00e7\u00f5es<\/p>\t\t\t\t<\/div>\n\t\t\t\t\t<\/div>\n\t\t\t\t<\/div>\n\t\t<div class=\"elementor-element elementor-element-68c98b1 e-flex e-con-boxed e-con e-parent\" data-id=\"68c98b1\" data-element_type=\"container\" data-e-type=\"container\">\n\t\t\t\t\t<div class=\"e-con-inner\">\n\t\t\t\t<div class=\"elementor-element elementor-element-5dfe1aa elementor-widget-divider--view-line elementor-widget elementor-widget-divider\" data-id=\"5dfe1aa\" data-element_type=\"widget\" data-e-type=\"widget\" data-widget_type=\"divider.default\">\n\t\t\t\t\t\t\t<div class=\"elementor-divider\">\n\t\t\t<span class=\"elementor-divider-separator\">\n\t\t\t\t\t\t<\/span>\n\t\t<\/div>\n\t\t\t\t\t\t<\/div>\n\t\t\t\t\t<\/div>\n\t\t\t\t<\/div>\n\t\t<div class=\"elementor-element elementor-element-dc5f01a e-flex e-con-boxed e-con e-parent\" data-id=\"dc5f01a\" data-element_type=\"container\" data-e-type=\"container\">\n\t\t\t\t\t<div class=\"e-con-inner\">\n\t\t<div class=\"elementor-element elementor-element-aa11c28 e-con-full e-flex e-con e-child\" data-id=\"aa11c28\" data-element_type=\"container\" data-e-type=\"container\">\n\t\t\t\t<div class=\"elementor-element elementor-element-9cdf7e8 elementor-widget__width-auto elementor-widget elementor-widget-text-editor\" data-id=\"9cdf7e8\" data-element_type=\"widget\" data-e-type=\"widget\" data-widget_type=\"text-editor.default\">\n\t\t\t\t\t\t\t\t\t<ol>\n \t<li>Para os Institutos que t\u00eam uma conta no Istituto para as Obras da Religi\u00e3o &#8211; Istituto per le Opere di Religione &#8211; (IOR), podem realizar uma transfer\u00eancia interna tanto para a  conta # 22573-003 (para d\u00f3lares americanos) ou conta # 22573-001 (todas as outras moedas).<\/li>\n<\/ol>\t\t\t\t\t\t\t\t<\/div>\n\t\t\t\t<\/div>\n\t\t<div class=\"elementor-element elementor-element-3637db2 e-con-full e-flex e-con e-child\" data-id=\"3637db2\" data-element_type=\"container\" data-e-type=\"container\">\n\t\t\t\t<div class=\"elementor-element elementor-element-dcc0fdf elementor-widget__width-auto elementor-widget elementor-widget-text-editor\" data-id=\"dcc0fdf\" data-element_type=\"widget\" data-e-type=\"widget\" data-widget_type=\"text-editor.default\">\n\t\t\t\t\t\t\t\t\t<ol start=\"2\">\n \t<li>Para enviar um Cheque. Deve ser feito para a Confer\u00eancia Franciscana Internacional-TOR e enviado \u00e0 Secret\u00e1ria:\nPiazza del Risorgimento, 14 \u00b7 00192 \u2013 Roma, IT\u00c1LIA<\/li>\n<\/ol>\t\t\t\t\t\t\t\t<\/div>\n\t\t\t\t<\/div>\n\t\t\t\t\t<\/div>\n\t\t\t\t<\/div>\n\t\t<div class=\"elementor-element elementor-element-678024d e-flex e-con-boxed e-con e-parent\" data-id=\"678024d\" data-element_type=\"container\" data-e-type=\"container\">\n\t\t\t\t\t<div class=\"e-con-inner\">\n\t\t\t\t<div class=\"elementor-element elementor-element-1ae5c28 elementor-widget__width-auto elementor-widget elementor-widget-text-editor\" data-id=\"1ae5c28\" data-element_type=\"widget\" data-e-type=\"widget\" data-widget_type=\"text-editor.default\">\n\t\t\t\t\t\t\t\t\t<ol start=\"3\"><li>Dados do BancoPosta como abaixo<br \/><em>Nome da Conta<\/em>: <strong>CONFERENZA FRANCESCANA INTERNAZIONALE<\/strong><br \/><em>Endere\u00e7o<\/em>: <strong>Piazza Risorgimento, 14 &#8211; 00192 ROMA<\/strong><br \/><em>Nome do Banco<\/em>: <strong>BancoPosta<\/strong><br \/><em>IBAN C\u00f3digo<\/em>: <strong>I T 7 5 H076 0103 2000 0101 0808 044<\/strong><br \/><em>SWIFT \/BIC<\/em> <strong>B P P I I T R R XXX<\/strong><\/li><\/ol>\t\t\t\t\t\t\t\t<\/div>\n\t\t\t\t\t<\/div>\n\t\t\t\t<\/div>\n\t\t<div class=\"elementor-element elementor-element-68df88d e-flex e-con-boxed e-con e-parent\" data-id=\"68df88d\" data-element_type=\"container\" data-e-type=\"container\">\n\t\t\t\t\t<div class=\"e-con-inner\">\n\t\t\t\t<div class=\"elementor-element elementor-element-70e04c1 elementor-widget__width-auto elementor-widget elementor-widget-heading\" data-id=\"70e04c1\" data-element_type=\"widget\" data-e-type=\"widget\" data-widget_type=\"heading.default\">\n\t\t\t\t\t<p class=\"elementor-heading-title elementor-size-default\">AGRADECEMOS !<\/p>\t\t\t\t<\/div>\n\t\t\t\t<div class=\"elementor-element elementor-element-b9db189 elementor-widget__width-auto elementor-widget elementor-widget-heading\" data-id=\"b9db189\" data-element_type=\"widget\" data-e-type=\"widget\" data-widget_type=\"heading.default\">\n\t\t\t\t\t<p class=\"elementor-heading-title elementor-size-default\"><i class=\"fas fa-hand-holding-heart fa-lg\" style=\"color: #cc9e62\"><\/i><\/p>\t\t\t\t<\/div>\n\t\t\t\t\t<\/div>\n\t\t\t\t<\/div>\n\t\t\t\t<\/div>\n\t\t","protected":false},"excerpt":{"rendered":"<p>GUIA DO BENFEITOR Fa\u00e7a uma DOA\u00c7\u00c3O Por favor, use um dos seguintes meios para fazer as contribui\u00e7\u00f5es Para os Institutos que t\u00eam uma conta no Istituto para as Obras da Religi\u00e3o &#8211; Istituto per le Opere di Religione &#8211; (IOR), podem realizar uma transfer\u00eancia interna tanto para a conta # 22573-003 (para d\u00f3lares americanos) ou [&hellip;]<\/p>\n","protected":false},"author":1,"featured_media":0,"parent":0,"menu_order":0,"comment_status":"closed","ping_status":"closed","template":"elementor_header_footer","meta":{"footnotes":""},"class_list":["post-1948","page","type-page","status-publish","hentry"],"_links":{"self":[{"href":"https:\/\/www.ifc-tor.org\/pt-br\/wp-json\/wp\/v2\/pages\/1948","targetHints":{"allow":["GET"]}}],"collection":[{"href":"https:\/\/www.ifc-tor.org\/pt-br\/wp-json\/wp\/v2\/pages"}],"about":[{"href":"https:\/\/www.ifc-tor.org\/pt-br\/wp-json\/wp\/v2\/types\/page"}],"author":[{"embeddable":true,"href":"https:\/\/www.ifc-tor.org\/pt-br\/wp-json\/wp\/v2\/users\/1"}],"replies":[{"embeddable":true,"href":"https:\/\/www.ifc-tor.org\/pt-br\/wp-json\/wp\/v2\/comments?post=1948"}],"version-history":[{"count":0,"href":"https:\/\/www.ifc-tor.org\/pt-br\/wp-json\/wp\/v2\/pages\/1948\/revisions"}],"wp:attachment":[{"href":"https:\/\/www.ifc-tor.org\/pt-br\/wp-json\/wp\/v2\/media?parent=1948"}],"curies":[{"name":"wp","href":"https:\/\/api.w.org\/{rel}","templated":true}]}}